{"id":1047,"date":"2017-10-24T09:23:19","date_gmt":"2017-10-24T09:23:19","guid":{"rendered":"http:\/\/ptbf.pl\/?page_id=1047"},"modified":"2026-03-13T12:47:28","modified_gmt":"2026-03-13T12:47:28","slug":"oddzial-lodz","status":"publish","type":"page","link":"https:\/\/ptbf.pl\/?page_id=1047","title":{"rendered":"Oddzia\u0142 \u0141\u00f3d\u017a"},"content":{"rendered":"<p><strong><b>Sk\u0142ad Zarz\u0105du Oddzia\u0142u \u0141\u00f3dzkiego PTBF (2026-2028):<\/b><\/strong><\/p>\n<p><strong>Zarz\u0105d Oddzia\u0142u \u0141\u00f3dzkiego PTBF<br \/>\n<\/strong>Polskie Towarzystwo Biofizyczne Oddzia\u0142 w \u0141odzi<br \/>\nInstytut Biofizyki, Wydzia\u0142 Biologii i Ochrony \u015arodowiska<br \/>\nUniwersytetu \u0141\u00f3dzkiego<br \/>\nul. Pomorska 141\/143, 90-236 \u0141\u00f3d\u017a<\/p>\n<p><strong>Przewodnicz\u0105ca<br \/>\n<\/strong>Dr hab. Aneta Rogalska, prof. U\u0141<br \/>\nKatedra Biofizyki Medycznej<br \/>\nul. Pomorska 141\/143, 90-236 \u0141\u00f3d\u017a<br \/>\ne-mail:&nbsp;<a href=\"aneta.rogalska@biol.uni.lodz.pl\">katarzyna.milowska@biol.uni.lodz.pl<\/a><br \/>\ntel. 42 635 44 77<\/p>\n<p><strong>Wice-Przewodnicz\u0105ca<br \/>\n<\/strong>dr hab. Katarzyna Mi\u0142owska, prof. U\u0141.&nbsp;<br \/>\nKatedra Biofizyki Og\u00f3lnej U\u0141<br \/>\nul. Pomorska 141\/143, 90-236 \u0141\u00f3d\u017a<br \/>\ne-mail: <a href=\"mailto:katarzyna.milowska@biol.uni.lodz.pl\">katarzyna.milowska@biol.uni.lodz.pl<\/a><br \/>\ntel. 42&nbsp;635 44 78<\/p>\n<p><strong>Sekretarz<br \/>\n<\/strong>mgr Beata Bielska&nbsp;<br \/>\nSzko\u0142a Doktorska Nauk \u015acis\u0142ych i Przyrodniczych, U\u0141<br \/>\nul. Pomorska 141\/143, 90-236 \u0141\u00f3d\u017a&nbsp;<br \/>\ne-mail:&nbsp;<u><a href=\"beata.bielska@uni.lodz.pl\">karolina.matczak@biol.uni.lodz.pl<\/a><\/u>&nbsp;<\/p>\n<p><strong>Skarbnik<\/strong><strong><br \/>\n<\/strong>Dr Paulina Sici\u0144ska<br \/>\nKatedra Biofizyki Ska\u017ce\u0144 \u015arodowiska U\u0141<br \/>\nul. Pomorska 141\/143, 90-236 \u0141\u00f3d\u017a<br \/>\ne-mail:&nbsp;<a href=\"mailto:paulina.sicinska@biol.uni.lodz.pl\">paulina.sicinska@biol.uni.lodz.pl<\/a>&nbsp;<\/p>\n<p><strong>Cz\u0142onek<\/strong><br \/>\ndr hab. Marzena Szwed, prof. U\u0141<br \/>\nKatedra Biofizyki Medycznej, U\u0141<br \/>\nul. Pomorska 141\/143, 90-236 \u0141\u00f3d\u017a&nbsp;<br \/>\ne-mail:&nbsp;<u><a href=\"marzena.szwed@biol.uni.lodz.pl\">anna.pieniazek@biol.uni.lodz.pl<\/a>&nbsp;<\/u><\/p>\n<p><strong>Komisja Rewizyjna<\/strong><strong><br \/>\n<\/strong>dr hab. Anna Pieni\u0105\u017cek \u2013 przewodnicz\u0105ca<br \/>\ndr hab. Piotr Duchnowicz \u2013 cz\u0142onek Komisji<br \/>\ndr Karolina Matczak \u2013 cz\u0142onek Komisji<\/p>\n<p><b><strong>Sk\u0142ad Zarz\u0105du Oddzia\u0142u \u0141\u00f3dzkiego PTBF (2023-2025):<\/strong><\/b><\/p>\n<p><strong>Przewodnicz\u0105ca<br \/>\n<\/strong>Dr hab. Katarzyna Mi\u0142owska<br \/>\nKatedra Biofizyki Og\u00f3lnej U\u0141<br \/>\nul. Pomorska 141\/143, 90-236 \u0141\u00f3d\u017a<br \/>\ne-mail: <a href=\"mailto:katarzyna.milowska@biol.uni.lodz.pl\">katarzyna.milowska@biol.uni.lodz.pl<\/a><br \/>\ntel. 42&nbsp;635 44 78<\/p>\n<p><strong>Wice-Przewodnicz\u0105ca<br \/>\n<\/strong>Dr hab. Aleksandra Rodacka<br \/>\nKatedra Biologii Nowotwor\u00f3w i Epigenetyki<br \/>\nul. Pomorska 141\/143, 90-236 \u0141\u00f3d\u017a<br \/>\ne-mail:&nbsp;<a href=\"mailto:aleksandra.rodacka@biol.uni.lodz.pl\">aleksandra.rodacka@biol.uni.lodz.pl<\/a>&nbsp;<\/p>\n<p><strong>Sekretarz<br \/>\n<\/strong>Dr Karolina Matczak&nbsp;<br \/>\nKatedra Biofizyki Medycznej U\u0141<br \/>\nul. Pomorska 141\/143, 90-236 \u0141\u00f3d\u017a&nbsp;<br \/>\ne-mail:&nbsp;<u><a href=\"mailto:karolina.matczak@biol.uni.lodz.pl\">karolina.matczak@biol.uni.lodz.pl<\/a><\/u>&nbsp;<\/p>\n<p><strong>Skarbnik<\/strong><strong><br \/>\n<\/strong>Dr Paulina Sici\u0144ska<br \/>\nKatedra Biofizyki Ska\u017ce\u0144 \u015arodowiska U\u0141<br \/>\nul. Pomorska 141\/143, 90-236 \u0141\u00f3d\u017a<br \/>\ne-mail:&nbsp;<a href=\"mailto:paulina.sicinska@biol.uni.lodz.pl\">paulina.sicinska@biol.uni.lodz.pl<\/a>&nbsp;<\/p>\n<p><strong>Cz\u0142onek<\/strong><br \/>\nDr Anna Pieni\u0105\u017cek<br \/>\nKatedra Biologii Nowotwor\u00f3w i Epigenetyki U\u0141<br \/>\nul. Pomorska 141\/143, 90-236 \u0141\u00f3d\u017a&nbsp;<br \/>\ne-mail:&nbsp;<u><a href=\"mailto:anna.pieniazek@biol.uni.lodz.pl\">anna.pieniazek@biol.uni.lodz.pl<\/a>&nbsp;<\/u><\/p>\n<p><strong>Cz\u0142onek<br \/>\n<\/strong>Prof. dr hab. Krzysztof Gwo\u017adzi\u0144ski<br \/>\nemerytowany profesor U\u0141<br \/>\ne-mail:&nbsp;<u><a href=\"mailto:krzysztof.gwozdzinski@biol.uni.lodz.pl\">krzysztof.gwozdzinski@biol.uni.lodz.pl<\/a>&nbsp;<\/u><\/p>\n<p><strong>Komisja Rewizyjna<\/strong><strong><br \/>\n<\/strong>Dr hab. Anita Krokosz, prof. U\u0141 &#8211; przewodnicz\u0105ca<br \/>\nDr hab. Piotr Duchnowicz<br \/>\nDr Katarzyna Mokra&nbsp;<\/p>\n<p>&#8212;&#8212;&#8212;&#8212;&#8212;&#8212;&#8212;&#8212;&#8212;&#8212;&#8212;&#8212;&#8212;&#8212;&#8212;&#8212;&#8212;&#8212;&#8212;&#8212;&#8212;&#8212;-<\/p>\n<p><strong>Sk\u0142ad Zarz\u0105du Oddzia\u0142u \u0141\u00f3dzkiego PTBF do 2022:<\/strong><\/p>\n<p><strong>Przewodnicz\u0105ca<\/strong><br \/>\nDr hab. Katarzyna Mi\u0142owska<br \/>\nKatedra Biofizyki Og\u00f3lnej U\u0141<br \/>\nul. Pomorska 141\/143, 90-236 \u0141\u00f3d\u017a<br \/>\ne-mail: <a href=\"mailto:katarzyna.milowska@biol.uni.lodz.pl\">katarzyna.milowska@biol.uni.lodz.pl<\/a><br \/>\ntel. 42&nbsp;635 44 78<\/p>\n<p><strong>Wice-Przewodnicz\u0105ca<\/strong><br \/>\nDr hab. Aleksandra Rodacka<br \/>\nKatedra Biofizyki Molekularnej U\u0141<br \/>\nul. Pomorska 141\/143, 90-236 \u0141\u00f3d\u017a<br \/>\ne-mail: <a href=\"mailto:aleksandra.rodacka@biol.uni.lodz.pl\">aleksandra.rodacka@biol.uni.lodz.pl<\/a><\/p>\n<p><strong>Sekretarz<\/strong><br \/>\nDr Anna Pieni\u0105\u017cek<br \/>\nKatedra Biofizyki Molekularnej U\u0141<br \/>\nul. Pomorska 141\/143, 90-236 \u0141\u00f3d\u017a<br \/>\ne-mail: <a href=\"mailto:anna.pieniazek@biol.uni.lodz.pl\">anna.pieniazek@biol.uni.lodz.pl<\/a><\/p>\n<p><strong>Skarbnik<br \/>\n<\/strong>Dr Paulina Sici\u0144ska<br \/>\nKatedra Biofizyki Ska\u017ce\u0144 \u015arodowiska U\u0141<br \/>\nul. Pomorska 141\/143, 90-236 \u0141\u00f3d\u017a<br \/>\ne-mail: <a href=\"mailto:paulina.sicinska@biol.uni.lodz.pl\">paulina.sicinska@biol.uni.lodz.pl<\/a><\/p>\n<p><strong>Cz\u0142onek<\/strong><\/p>\n<p>Dr hab. Piotr Duchnowicz<br \/>\nKatedra Biofizyki Ska\u017ce\u0144 \u015arodowiska U\u0141<br \/>\nul. Pomorska 141\/143, 90-236 \u0141\u00f3d\u017a<br \/>\ne-mail: <a href=\"mailto:piotr.duchnowicz@biol.uni.lodz.pl\">piotr.duchnowicz@biol.uni.lodz.pl<\/a><\/p>\n<p><strong>Cz\u0142onek<\/strong><\/p>\n<p>Dr Agnieszka Robaszkiewicz<br \/>\nKatedra Biofizyki Og\u00f3lnej U\u0141<br \/>\nul. Pomorska 141\/143, 90-236 \u0141\u00f3d\u017a<br \/>\ne-mail: <a href=\"mailto:agnieszka.robaszkiewicz@biol.uni.lodz.pl\">agnieszka.robaszkiewicz@biol.uni.lodz.pl<\/a><\/p>\n<p><strong>Komisja Rewizyjna<br \/>\n<\/strong>Dr hab. Anita Krokosz, prof. nadzw. U\u0141<br \/>\nProf. dr hab. Bo\u017cena Bukowska<br \/>\nDr Karolina Matczak<\/p>\n<p>&nbsp;<\/p>\n","protected":false},"excerpt":{"rendered":"<a href=\"https:\/\/ptbf.pl\/?page_id=1047\"><img loading=\"lazy\" decoding=\"async\" width=\"150\" height=\"150\" src=\"http:\/\/ptbf.pl\/wp-content\/plugins\/thumbnail-for-excerpts\/tfe_no_thumb.png\" class=\"alignleft wp-post-image tfe\" alt=\"\" title=\"\" \/><\/a><p>Sk\u0142ad Zarz\u0105du Oddzia\u0142u \u0141\u00f3dzkiego PTBF (2026-2028): Zarz\u0105d Oddzia\u0142u \u0141\u00f3dzkiego PTBF Polskie Towarzystwo Biofizyczne Oddzia\u0142 w \u0141odzi Instytut Biofizyki, Wydzia\u0142 Biologii i Ochrony \u015arodowiska Uniwersytetu \u0141\u00f3dzkiego ul. Pomorska 141\/143, 90-236 \u0141\u00f3d\u017a Przewodnicz\u0105ca Dr hab. Aneta Rogalska, prof. U\u0141 Katedra Biofizyki Medycznej &hellip; <a href=\"https:\/\/ptbf.pl\/?page_id=1047\">Czytaj dalej <span class=\"meta-nav\">&rarr;<\/span><\/a><\/p>\n","protected":false},"author":2,"featured_media":0,"parent":45,"menu_order":0,"comment_status":"closed","ping_status":"closed","template":"","meta":{"ngg_post_thumbnail":0,"footnotes":"","_links_to":"","_links_to_target":""},"class_list":["post-1047","page","type-page","status-publish","hentry"],"_links":{"self":[{"href":"https:\/\/ptbf.pl\/index.php?rest_route=\/wp\/v2\/pages\/1047","targetHints":{"allow":["GET"]}}],"collection":[{"href":"https:\/\/ptbf.pl\/index.php?rest_route=\/wp\/v2\/pages"}],"about":[{"href":"https:\/\/ptbf.pl\/index.php?rest_route=\/wp\/v2\/types\/page"}],"author":[{"embeddable":true,"href":"https:\/\/ptbf.pl\/index.php?rest_route=\/wp\/v2\/users\/2"}],"replies":[{"embeddable":true,"href":"https:\/\/ptbf.pl\/index.php?rest_route=%2Fwp%2Fv2%2Fcomments&post=1047"}],"version-history":[{"count":6,"href":"https:\/\/ptbf.pl\/index.php?rest_route=\/wp\/v2\/pages\/1047\/revisions"}],"predecessor-version":[{"id":2836,"href":"https:\/\/ptbf.pl\/index.php?rest_route=\/wp\/v2\/pages\/1047\/revisions\/2836"}],"up":[{"embeddable":true,"href":"https:\/\/ptbf.pl\/index.php?rest_route=\/wp\/v2\/pages\/45"}],"wp:attachment":[{"href":"https:\/\/ptbf.pl\/index.php?rest_route=%2Fwp%2Fv2%2Fmedia&parent=1047"}],"curies":[{"name":"wp","href":"https:\/\/api.w.org\/{rel}","templated":true}]}}