{"id":144,"date":"2012-02-02T08:17:00","date_gmt":"2012-02-02T08:17:00","guid":{"rendered":"http:\/\/ptbf.sggw.pl\/?page_id=144"},"modified":"2025-10-09T13:52:06","modified_gmt":"2025-10-09T13:52:06","slug":"oddzial-lublin","status":"publish","type":"page","link":"https:\/\/ptbf.pl\/?page_id=144","title":{"rendered":"Oddzia\u0142 Lublin"},"content":{"rendered":"<p><strong>Oddzia\u0142 Lublin<\/strong><\/p>\n<p><strong>Zarz\u0105d Oddzia\u0142u Lubelskiego PTBF (2026-2028)<\/strong><\/p>\n<p data-olk-copy-source=\"MessageBody\"><strong>Dr hab. Justyna Widomska, prof. UMLub<\/strong><br \/>\nUniwersytet Medyczny w Lublinie &#8211; Przewodnicz\u0105ca<br \/>\n(justyna.widomska@umlub.pl)<\/p>\n<p data-olk-copy-source=\"MessageBody\"><strong>Dr Ma\u0142gorzata Gospodarek<\/strong><br \/>\nUniwersytet Medyczny w Lublinie &#8211; Vice Przewodnicz\u0105ca<br \/>\n(malgorzatagospodarek@umlub.pl)<\/p>\n<p data-olk-copy-source=\"MessageBody\"><strong>Dr Agata Czwalik<\/strong><br \/>\nUniwersytet Medyczny w Lublinie &#8211; Sekretarz<br \/>\n(agata.czwalik@umlub.pl)<\/p>\n<p data-olk-copy-source=\"MessageBody\"><strong>Dr Agnieszka Szcz\u0119sna<\/strong><br \/>\nUniwersytet Medyczny w Lublinie &#8211; Skarbnik<br \/>\n(agnieszka.szczesna@umlub.pl)<\/p>\n<p><strong>Komisja Rewizyjna<\/strong><br \/>\nDr Witold Okulski, emeryt UMLub<br \/>\n(witold.okulski@gmail.com)<\/p>\n<p>Dr hab. Wojciech Grudzi\u0144ski, prof. UMCS &#8211; Przewodnicz\u0105cy Komisji Rewizyjnej<br \/>\n(wojciech.grudzinski@mail.umcs.pl)<\/p>\n<p>Prof. dr hab. Kazimierz Tr\u0119bacz, UMCS<br \/>\n(kazimierz.trebacz@umcs.lublin.pl)<\/p>\n<p>&#8212;&#8212;&#8212;&#8212;&#8212;&#8212;&#8212;&#8212;&#8212;&#8212;&#8212;&#8212;&#8212;&#8212;&#8212;&#8212;&#8212;&#8212;&#8212;&#8212;&#8212;&#8212;&#8212;&#8212;&#8212;<\/p>\n<p><strong>Zarz\u0105d Oddzia\u0142u Lubelskiego PTBF (2023-2025)<br \/>\n<\/strong>Polskie Towarzystwo Biofizyczne Oddzia\u0142 w Lublinie<br \/>\nKatedra Biofizyki, Instytut Fizyki, Uniwersytet Marii Curie-Sk\u0142odowskiej<br \/>\npl. Marii Curie-Sk\u0142odowskiej 1, 20-031 Lublin<\/p>\n<p><strong>Sk\u0142ad Zarz\u0105du Oddzia\u0142u Lubelskiego PTBF:<br \/>\n<\/strong>(Oddzia\u0142 Lubelski liczy 49 cz\u0142onk\u00f3w)<\/p>\n<p><strong>Przewodnicz\u0105cy<\/strong><br \/>\nDr hab. Rafa\u0142 Luchowski, prof. UMCS<br \/>\nKatedra Biofizyki, Instytut Fizyki, Uniwersytet Marii Curie-Sk\u0142odowskiej<br \/>\npl. Marii Curie-Sk\u0142odowskiej 1, 20-031 Lublin<br \/>\ne-mail:&nbsp;<a href=\"mailto:rafal.luchowski@umcs.pl\">rafal.luchowski@umcs.pl<\/a><\/p>\n<p><strong>Wice-Przewodnicz\u0105cy<\/strong><br \/>\nProf. dr hab. Artur Zdunek<br \/>\nZak\u0142ad Mikrostruktury i Mechaniki Biomateria\u0142\u00f3w<br \/>\nInstytut Agrofizyki im. B. Dobrza\u0144skiego, Polskiej Akademii Nauk<br \/>\nul. Do\u015bwiadczalna 4, 20-290 Lublin<br \/>\ne-mail:&nbsp;<a href=\"mailto:a.zdunek@ipan.lublin.pl\">a.zdunek@ipan.lublin.pl<\/a><\/p>\n<p><strong>Sekretarz<\/strong><br \/>\nDr hab. Wojciech Grudzi\u0144ski<br \/>\nKatedra Biofizyki, Instytut Fizyki, Uniwersytet Marii Curie-Sk\u0142odowskiej<br \/>\npl. Marii Curie-Sk\u0142odowskiej 1, 20-031 Lublin<br \/>\ne-mail:&nbsp;<a href=\"mailto:wojciech.grudzinski@umcs.pl\">wojciech.grudzinski@umcs.pl<\/a><\/p>\n<p><strong>Skarbnik<br \/>\n<\/strong>Dr Monika Zubik<br \/>\nKatedra Biofizyki, Instytut Fizyki, Uniwersytet Marii Curie-Sk\u0142odowskiej<br \/>\npl. Marii Curie-Sk\u0142odowskiej 1, 20-031 Lublin<br \/>\ne-mail:&nbsp;<a href=\"mailto:monika.zubik@umcs.pl\">monika.zubik@umcs.pl<\/a><\/p>\n<p><strong>Komisja Rewizyjna<br \/>\n<\/strong>Prof. Dr hab. Hanna Tr\u0119bacz, UMCS, Lublin<br \/>\nDr Justyna Widomska, Uniwersytet Medyczny w Lublinie<br \/>\nDr Witold Okulski, Uniwersytet Medyczny w Lublinie<\/p>\n<p>&#8212;&#8212;&#8212;&#8212;&#8212;&#8212;&#8212;&#8212;&#8212;&#8212;&#8212;&#8212;&#8212;&#8212;&#8212;&#8212;&#8212;&#8212;&#8212;&#8212;&#8212;&#8212;&#8212;&#8212;&#8212;&#8212;<\/p>\n<p><strong>Zarz\u0105d Oddzia\u0142u Lubelskiego PTBF (2020-2022)<br \/>\n<\/strong>Polskie Towarzystwo Biofizyczne Oddzia\u0142 w Lublinie<br \/>\nKatedra Biofizyki, Instytut Fizyki, Uniwersytet Marii Curie-Sk\u0142odowskiej<br \/>\npl. Marii Curie-Sk\u0142odowskiej 1, 20-031 Lublin<\/p>\n<p><strong>Sk\u0142ad Zarz\u0105du Oddzia\u0142u Lubelskiego PTBF:<br \/>\n<\/strong>(Oddzia\u0142 Lubelski liczy 49 cz\u0142onk\u00f3w)<\/p>\n<p><strong>Przewodnicz\u0105cy<\/strong><br \/>\nDr hab. Rafa\u0142 Luchowski, prof. UMCS<br \/>\nKatedra Biofizyki, Instytut Fizyki, Uniwersytet Marii Curie-Sk\u0142odowskiej<br \/>\npl. Marii Curie-Sk\u0142odowskiej 1, 20-031 Lublin<br \/>\ne-mail:&nbsp;<a href=\"mailto:rafal.luchowski@umcs.pl\">rafal.luchowski@umcs.pl<\/a><\/p>\n<p><strong>Wice-Przewodnicz\u0105cy<\/strong><br \/>\nProf. dr hab. Artur Zdunek<br \/>\nZak\u0142ad Mikrostruktury i Mechaniki Biomateria\u0142\u00f3w<br \/>\nInstytut Agrofizyki im. B. Dobrza\u0144skiego, Polskiej Akademii Nauk<br \/>\nul. Do\u015bwiadczalna 4, 20-290 Lublin<br \/>\ne-mail:&nbsp;<a href=\"mailto:a.zdunek@ipan.lublin.pl\">a.zdunek@ipan.lublin.pl<\/a><\/p>\n<p><strong>Sekretarz<\/strong><br \/>\nDr hab. Wojciech Grudzi\u0144ski<br \/>\nKatedra Biofizyki, Instytut Fizyki, Uniwersytet Marii Curie-Sk\u0142odowskiej<br \/>\npl. Marii Curie-Sk\u0142odowskiej 1, 20-031 Lublin<br \/>\ne-mail:&nbsp;<a href=\"mailto:wojciech.grudzinski@umcs.pl\">wojciech.grudzinski@umcs.pl<\/a><\/p>\n<p><strong>Skarbnik<br \/>\n<\/strong>Dr Monika Zubik<br \/>\nKatedra Biofizyki, Instytut Fizyki, Uniwersytet Marii Curie-Sk\u0142odowskiej<br \/>\npl. Marii Curie-Sk\u0142odowskiej 1, 20-031 Lublin<br \/>\ne-mail:&nbsp;<a href=\"mailto:monika.zubik@umcs.pl\">monika.zubik@umcs.pl<\/a><\/p>\n<p><strong>Komisja Rewizyjna<br \/>\n<\/strong>Dr hab. Monika Szyma\u0144ska-Chargot, Instytut Agrofizyki PAN, Lublin<br \/>\nDr Justyna Widomska, Uniwersytet Medyczny w Lublinie<br \/>\nDr Witold Okulski, Uniwersytet Medyczny w Lublinie<\/p>\n","protected":false},"excerpt":{"rendered":"<a href=\"https:\/\/ptbf.pl\/?page_id=144\"><img loading=\"lazy\" decoding=\"async\" width=\"150\" height=\"150\" src=\"http:\/\/ptbf.pl\/wp-content\/plugins\/thumbnail-for-excerpts\/tfe_no_thumb.png\" class=\"alignleft wp-post-image tfe\" alt=\"\" title=\"\" \/><\/a><p>Oddzia\u0142 Lublin Zarz\u0105d Oddzia\u0142u Lubelskiego PTBF (2026-2028) Dr hab. Justyna Widomska, prof. UMLub Uniwersytet Medyczny w Lublinie &#8211; Przewodnicz\u0105ca (justyna.widomska@umlub.pl) Dr Ma\u0142gorzata Gospodarek Uniwersytet Medyczny w Lublinie &#8211; Vice Przewodnicz\u0105ca (malgorzatagospodarek@umlub.pl) Dr Agata Czwalik Uniwersytet Medyczny w Lublinie &#8211; Sekretarz &hellip; <a href=\"https:\/\/ptbf.pl\/?page_id=144\">Czytaj dalej <span class=\"meta-nav\">&rarr;<\/span><\/a><\/p>\n","protected":false},"author":2,"featured_media":0,"parent":45,"menu_order":0,"comment_status":"closed","ping_status":"closed","template":"","meta":{"ngg_post_thumbnail":0,"footnotes":"","_links_to":"","_links_to_target":""},"class_list":["post-144","page","type-page","status-publish","hentry"],"_links":{"self":[{"href":"https:\/\/ptbf.pl\/index.php?rest_route=\/wp\/v2\/pages\/144","targetHints":{"allow":["GET"]}}],"collection":[{"href":"https:\/\/ptbf.pl\/index.php?rest_route=\/wp\/v2\/pages"}],"about":[{"href":"https:\/\/ptbf.pl\/index.php?rest_route=\/wp\/v2\/types\/page"}],"author":[{"embeddable":true,"href":"https:\/\/ptbf.pl\/index.php?rest_route=\/wp\/v2\/users\/2"}],"replies":[{"embeddable":true,"href":"https:\/\/ptbf.pl\/index.php?rest_route=%2Fwp%2Fv2%2Fcomments&post=144"}],"version-history":[{"count":4,"href":"https:\/\/ptbf.pl\/index.php?rest_route=\/wp\/v2\/pages\/144\/revisions"}],"predecessor-version":[{"id":2396,"href":"https:\/\/ptbf.pl\/index.php?rest_route=\/wp\/v2\/pages\/144\/revisions\/2396"}],"up":[{"embeddable":true,"href":"https:\/\/ptbf.pl\/index.php?rest_route=\/wp\/v2\/pages\/45"}],"wp:attachment":[{"href":"https:\/\/ptbf.pl\/index.php?rest_route=%2Fwp%2Fv2%2Fmedia&parent=144"}],"curies":[{"name":"wp","href":"https:\/\/api.w.org\/{rel}","templated":true}]}}