{"id":1816,"date":"2022-09-22T12:31:19","date_gmt":"2022-09-22T12:31:19","guid":{"rendered":"https:\/\/ptbf.pl\/?page_id=1816"},"modified":"2025-07-16T12:43:09","modified_gmt":"2025-07-16T12:43:09","slug":"medal-im-davida-shugara","status":"publish","type":"page","link":"https:\/\/ptbf.pl\/?page_id=1816","title":{"rendered":"Medal im. Davida Shugara"},"content":{"rendered":"<p>Zgodnie ze statutem, PTBF mo\u017ce przyznawa\u0107 osobom fizycznym, osobom prawnym, organizacjom i instytucjom zas\u0142u\u017conym dla Towarzystwa medal im. Davida Shugara. Wz\u00f3r medalu im. Davida Shugara jest zamieszczony poni\u017cej:<\/p>\n<p><a href=\"http:\/\/ptbf.pl\/wp-content\/uploads\/2022\/09\/medal-im.-Davida-Shugara.jpg\"><img loading=\"lazy\" decoding=\"async\" class=\"alignleft size-full wp-image-1823\" src=\"http:\/\/ptbf.pl\/wp-content\/uploads\/2022\/09\/medal-im.-Davida-Shugara.jpg\" alt=\"\" width=\"2350\" height=\"1068\" srcset=\"https:\/\/ptbf.pl\/wp-content\/uploads\/2022\/09\/medal-im.-Davida-Shugara.jpg 2350w, https:\/\/ptbf.pl\/wp-content\/uploads\/2022\/09\/medal-im.-Davida-Shugara-300x136.jpg 300w, https:\/\/ptbf.pl\/wp-content\/uploads\/2022\/09\/medal-im.-Davida-Shugara-1024x465.jpg 1024w, https:\/\/ptbf.pl\/wp-content\/uploads\/2022\/09\/medal-im.-Davida-Shugara-768x349.jpg 768w, https:\/\/ptbf.pl\/wp-content\/uploads\/2022\/09\/medal-im.-Davida-Shugara-1536x698.jpg 1536w, https:\/\/ptbf.pl\/wp-content\/uploads\/2022\/09\/medal-im.-Davida-Shugara-2048x931.jpg 2048w\" sizes=\"auto, (max-width: 2350px) 100vw, 2350px\" \/><\/a><\/p>\n<p><strong>Laureaci Medalu im. Davida Shugara:<\/strong><\/p>\n<p>Prof. dr hab. Wies\u0142aw Gruszecki (Warszawa, 2025)<\/p>\n<p>Prof. Ignacy Gryczy\u0144ski (Warszawa, 2025)<\/p>\n<p>Prof. dr hab. Maria Bryszewska (Warszawa, 2022)<\/p>\n<p>Prof. dr hab. Krystyna Michalak (Warszawa, 2022)<\/p>\n<p>Prof. dr hab. Grzegorz Bartosz (Olsztyn, 2019)<\/p>\n<p>Prof. Zygmunt, Karol Gryczy\u0144ski (Ryn, 2016)<\/p>\n<p>Prof. dr hab. Andrzej Dobek (Ryn, 2016)<\/p>\n","protected":false},"excerpt":{"rendered":"<a href=\"https:\/\/ptbf.pl\/?page_id=1816\"><img loading=\"lazy\" decoding=\"async\" width=\"150\" height=\"150\" src=\"http:\/\/ptbf.pl\/wp-content\/plugins\/thumbnail-for-excerpts\/tfe_no_thumb.png\" class=\"alignleft wp-post-image tfe\" alt=\"\" title=\"\" \/><\/a><p>Zgodnie ze statutem, PTBF mo\u017ce przyznawa\u0107 osobom fizycznym, osobom prawnym, organizacjom i instytucjom zas\u0142u\u017conym dla Towarzystwa medal im. Davida Shugara. Wz\u00f3r medalu im. Davida Shugara jest zamieszczony poni\u017cej: Laureaci Medalu im. Davida Shugara: Prof. dr hab. Wies\u0142aw Gruszecki (Warszawa, 2025) &hellip; <a href=\"https:\/\/ptbf.pl\/?page_id=1816\">Czytaj dalej <span class=\"meta-nav\">&rarr;<\/span><\/a><\/p>\n","protected":false},"author":2,"featured_media":0,"parent":1813,"menu_order":0,"comment_status":"closed","ping_status":"closed","template":"","meta":{"ngg_post_thumbnail":0,"footnotes":"","_links_to":"","_links_to_target":""},"class_list":["post-1816","page","type-page","status-publish","hentry"],"_links":{"self":[{"href":"https:\/\/ptbf.pl\/index.php?rest_route=\/wp\/v2\/pages\/1816","targetHints":{"allow":["GET"]}}],"collection":[{"href":"https:\/\/ptbf.pl\/index.php?rest_route=\/wp\/v2\/pages"}],"about":[{"href":"https:\/\/ptbf.pl\/index.php?rest_route=\/wp\/v2\/types\/page"}],"author":[{"embeddable":true,"href":"https:\/\/ptbf.pl\/index.php?rest_route=\/wp\/v2\/users\/2"}],"replies":[{"embeddable":true,"href":"https:\/\/ptbf.pl\/index.php?rest_route=%2Fwp%2Fv2%2Fcomments&post=1816"}],"version-history":[{"count":5,"href":"https:\/\/ptbf.pl\/index.php?rest_route=\/wp\/v2\/pages\/1816\/revisions"}],"predecessor-version":[{"id":2391,"href":"https:\/\/ptbf.pl\/index.php?rest_route=\/wp\/v2\/pages\/1816\/revisions\/2391"}],"up":[{"embeddable":true,"href":"https:\/\/ptbf.pl\/index.php?rest_route=\/wp\/v2\/pages\/1813"}],"wp:attachment":[{"href":"https:\/\/ptbf.pl\/index.php?rest_route=%2Fwp%2Fv2%2Fmedia&parent=1816"}],"curies":[{"name":"wp","href":"https:\/\/api.w.org\/{rel}","templated":true}]}}