{"id":1818,"date":"2022-09-22T12:32:11","date_gmt":"2022-09-22T12:32:11","guid":{"rendered":"https:\/\/ptbf.pl\/?page_id=1818"},"modified":"2026-05-04T11:18:32","modified_gmt":"2026-05-04T11:18:32","slug":"nagroda-im-wandy-leyko","status":"publish","type":"page","link":"https:\/\/ptbf.pl\/?page_id=1818","title":{"rendered":"Nagroda im. Wandy Leyko"},"content":{"rendered":"<p>Zgodnie ze statutem, Polskie Towarzystwo Biofizyczne przyznaje nagrod\u0119 im. Wandy Leyko za najlepsz\u0105 prezentacj\u0119 naukow\u0105 na zje\u017adzie Towarzystwa. Nagroda im. Wandy Leyko jest przyznawana przez komitet naukowy zjazdu.<\/p>\n<p>Podczas XIX Zjazdu PTBF w Warszawie (PTBF2025) nagrod\u0119 im. Wandy Leyko otrzymali:<\/p>\n<p>Nagrody za plakaty zosta\u0142y przyznane dla:<\/p>\n<p><strong>Gabriela W\u0119gli\u0144ska<\/strong>, Warsaw University of Life Sciences, Warsaw, Poland<br \/>\n<strong>Barbara Klepka<\/strong>, Institute of Physics, PAS, Warsaw, Poland<br \/>\n<strong>Marta Wojty\u015b<\/strong>, University of Warsaw, Warsaw, Poland<\/p>\n<p>Nagrody za wyst\u0105pienie ustne zosta\u0142y przyznane dla:<\/p>\n<p><strong>Joanna Bujak<\/strong>, Warsaw University of Life Sciences, Warsaw, Poland<br \/>\n<strong>Sara Metwally<\/strong>, Institute of Nuclear Physics, PAS, Krakow, Poland<br \/>\n<strong>Joanna Krasowska<\/strong>, University of Warsaw, Warsaw, Poland<br \/>\n<strong>Kamila Maliszewska-Olejniczak<\/strong>, Warsaw University of Life Sciences, Warsaw, Poland<br \/>\n<strong>Micha\u0142 Bia\u0142obrzewski<\/strong>, Institute of Physics, PAS, Warsaw, Poland<strong><br \/>\n<\/strong><\/p>\n<p>&nbsp;<\/p>\n<p>Podczas XVIII Zjazdu PTBF w Warszawie (PTBF2022) nagrod\u0119 im. Wandy Leyko otrzymali:<\/p>\n<p><em>w kategorii za najlepsz\u0105 prezentacj\u0119 ustn\u0105<\/em><\/p>\n<p>Micha\u0142 Bia\u0142obrzeski (Warszawa)<br \/>\nHubert Grel (Warszawa)<br \/>\nMateusz Szwalec (Krak\u00f3w)<\/p>\n<p><em>w kategorii za najlepsz\u0105 prezentacj\u0119 posterow\u0105<\/em><\/p>\n<p>Grzegorz Go\u0142u\u0144ski (Gda\u0144sk)<br \/>\nMidhun Mohan Anila (Warszawa-Kerala)<\/p>\n<p><strong>wyr\u00f3\u017cnienia<\/strong><br \/>\nKamila Maliszewszka-Olejniczak (Warszawa)<br \/>\nVilmantas Pupkis (Wilno)<br \/>\nAgata Pyrzanowska (\u0141\u00f3d\u017a)<\/p>\n<p>(w kolejno\u015bci alfabetycznej)<\/p>\n<p>&nbsp;<\/p>\n","protected":false},"excerpt":{"rendered":"<a href=\"https:\/\/ptbf.pl\/?page_id=1818\"><img loading=\"lazy\" decoding=\"async\" width=\"150\" height=\"150\" src=\"http:\/\/ptbf.pl\/wp-content\/plugins\/thumbnail-for-excerpts\/tfe_no_thumb.png\" class=\"alignleft wp-post-image tfe\" alt=\"\" title=\"\" \/><\/a><p>Zgodnie ze statutem, Polskie Towarzystwo Biofizyczne przyznaje nagrod\u0119 im. Wandy Leyko za najlepsz\u0105 prezentacj\u0119 naukow\u0105 na zje\u017adzie Towarzystwa. Nagroda im. Wandy Leyko jest przyznawana przez komitet naukowy zjazdu. Podczas XIX Zjazdu PTBF w Warszawie (PTBF2025) nagrod\u0119 im. Wandy Leyko otrzymali: &hellip; <a href=\"https:\/\/ptbf.pl\/?page_id=1818\">Czytaj dalej <span class=\"meta-nav\">&rarr;<\/span><\/a><\/p>\n","protected":false},"author":2,"featured_media":0,"parent":1813,"menu_order":2,"comment_status":"closed","ping_status":"closed","template":"","meta":{"ngg_post_thumbnail":0,"footnotes":"","_links_to":"","_links_to_target":""},"class_list":["post-1818","page","type-page","status-publish","hentry"],"_links":{"self":[{"href":"https:\/\/ptbf.pl\/index.php?rest_route=\/wp\/v2\/pages\/1818","targetHints":{"allow":["GET"]}}],"collection":[{"href":"https:\/\/ptbf.pl\/index.php?rest_route=\/wp\/v2\/pages"}],"about":[{"href":"https:\/\/ptbf.pl\/index.php?rest_route=\/wp\/v2\/types\/page"}],"author":[{"embeddable":true,"href":"https:\/\/ptbf.pl\/index.php?rest_route=\/wp\/v2\/users\/2"}],"replies":[{"embeddable":true,"href":"https:\/\/ptbf.pl\/index.php?rest_route=%2Fwp%2Fv2%2Fcomments&post=1818"}],"version-history":[{"count":6,"href":"https:\/\/ptbf.pl\/index.php?rest_route=\/wp\/v2\/pages\/1818\/revisions"}],"predecessor-version":[{"id":2778,"href":"https:\/\/ptbf.pl\/index.php?rest_route=\/wp\/v2\/pages\/1818\/revisions\/2778"}],"up":[{"embeddable":true,"href":"https:\/\/ptbf.pl\/index.php?rest_route=\/wp\/v2\/pages\/1813"}],"wp:attachment":[{"href":"https:\/\/ptbf.pl\/index.php?rest_route=%2Fwp%2Fv2%2Fmedia&parent=1818"}],"curies":[{"name":"wp","href":"https:\/\/api.w.org\/{rel}","templated":true}]}}