{"id":2278,"date":"2025-03-31T10:00:08","date_gmt":"2025-03-31T10:00:08","guid":{"rendered":"https:\/\/ptbf.pl\/?page_id=2278"},"modified":"2025-10-09T13:46:09","modified_gmt":"2025-10-09T13:46:09","slug":"oddzial-krakow","status":"publish","type":"page","link":"https:\/\/ptbf.pl\/?page_id=2278","title":{"rendered":"Oddzia\u0142 Krak\u00f3w"},"content":{"rendered":"<p><a href=\"https:\/\/krakow.ptbf.pl\/\">Polskie Towarzystwo Biofizyczne Oddzia\u0142 w Krakowie<\/a><br \/>\nAdres e-mail: <strong><u><a href=\"mailto:krakow@ptbf.pl\">krakow@ptbf.pl<\/a><\/u><\/strong><\/p>\n<p><strong>Oddzia\u0142 Przewodnicz\u0105ca<\/strong><br \/>\nProf. dr hab. Ma\u0142gorzaty Lekki<br \/>\nZak\u0142ad Bada\u0144 Mikrouk\u0142ad\u00f3w Biofizycznych<br \/>\nInstytut Fizyki J\u0105drowej im. Henryka Niewodnicza\u0144skiego Polskiej Akademii Nauk<br \/>\ne-mail: <u><a href=\"mailto:malgorzata.lekka@ifj.edu.pl\">malgorzata.lekka@ifj.edu.pl<\/a><\/u><\/p>\n<p><strong>Wiceprzewodnicz\u0105ca Oddzia\u0142u<\/strong><br \/>\nDr hab. in\u017c. Marta Z. Pacia<br \/>\nJagiello\u0144skie Centrum Rozwoju Lek\u00f3w (JCET)<br \/>\nAdres poczty elektronicznej: <u><a href=\"mailto:marta.pacia@uj.edu.pl\">marta.pacia@uj.edu.pl<\/a><\/u><\/p>\n<p><strong>Skarbnik Oddzia\u0142u<\/strong><br \/>\nDr Bart\u0142omiej Zapotoczny<br \/>\nZak\u0142ad Bada\u0144 Mikrouk\u0142ad\u00f3w Biofizycznych<br \/>\nInstytut Fizyki J\u0105drowej im. Henryka Niewodnicza\u0144skiego Polskiej Akademii Nauk<br \/>\n<u><a href=\"mailto:bartlomiej.zapotoczny@ifj.edu.pl\">bartlomiej.zapotoczny@ifj.edu.pl<\/a><\/u><\/p>\n<p><strong>Sekretarz Wydzia\u0142u<\/strong><br \/>\nDr Jakub Dyba\u015b<br \/>\nJagiello\u0144skie Centrum Rozwoju Lek\u00f3w (JCET)<br \/>\nAdres e-mail: <u><a href=\"mailto:jakub.dybas@uj.edu.pl\">jakub.dybas@uj.edu.pl<\/a><\/u><\/p>\n<p>&nbsp;<\/p>\n<p>Krakowski oddzia\u0142 Polskiego Towarzystwa Biofizycznego zrzesza osoby z nast\u0119puj\u0105cych o\u015brodk\u00f3w naukowych:<\/p>\n<ul>\n<li>Polska Akademia Nauk, Instytut Fizyki J\u0105drowej<\/li>\n<li>Uniwersytet Jagiello\u0144ski, Jagiello\u0144skie Centrum Rozwoju Lek\u00f3w<\/li>\n<li>Uniwersytet Jagiello\u0144ski, Wydzia\u0142 Biochemii, Biofizyki i Biotechnologii<\/li>\n<li>Uniwersytet Jagiello\u0144ski, Wydzia\u0142 Chemii<\/li>\n<li>Uniwersytet Jagiello\u0144ski, Wydzia\u0142 Fizyki<\/li>\n<li>Uniwersytet Jagiello\u0144ski, Narodowego Centrum Promieniowania Synchrotronowego (SOLARIS)<\/li>\n<li>Akademia G\u00f3rniczo-Hutnicza<\/li>\n<\/ul>\n<p>&nbsp;<\/p>\n","protected":false},"excerpt":{"rendered":"<a href=\"https:\/\/ptbf.pl\/?page_id=2278\"><img loading=\"lazy\" decoding=\"async\" width=\"150\" height=\"150\" src=\"http:\/\/ptbf.pl\/wp-content\/plugins\/thumbnail-for-excerpts\/tfe_no_thumb.png\" class=\"alignleft wp-post-image tfe\" alt=\"\" title=\"\" \/><\/a><p>Polskie Towarzystwo Biofizyczne Oddzia\u0142 w Krakowie Adres e-mail: krakow@ptbf.pl Oddzia\u0142 Przewodnicz\u0105ca Prof. dr hab. Ma\u0142gorzaty Lekki Zak\u0142ad Bada\u0144 Mikrouk\u0142ad\u00f3w Biofizycznych Instytut Fizyki J\u0105drowej im. Henryka Niewodnicza\u0144skiego Polskiej Akademii Nauk e-mail: malgorzata.lekka@ifj.edu.pl Wiceprzewodnicz\u0105ca Oddzia\u0142u Dr hab. in\u017c. Marta Z. Pacia Jagiello\u0144skie &hellip; <a href=\"https:\/\/ptbf.pl\/?page_id=2278\">Czytaj dalej <span class=\"meta-nav\">&rarr;<\/span><\/a><\/p>\n","protected":false},"author":2,"featured_media":0,"parent":45,"menu_order":0,"comment_status":"closed","ping_status":"closed","template":"","meta":{"ngg_post_thumbnail":0,"footnotes":"","_links_to":"","_links_to_target":""},"class_list":["post-2278","page","type-page","status-publish","hentry"],"_links":{"self":[{"href":"https:\/\/ptbf.pl\/index.php?rest_route=\/wp\/v2\/pages\/2278","targetHints":{"allow":["GET"]}}],"collection":[{"href":"https:\/\/ptbf.pl\/index.php?rest_route=\/wp\/v2\/pages"}],"about":[{"href":"https:\/\/ptbf.pl\/index.php?rest_route=\/wp\/v2\/types\/page"}],"author":[{"embeddable":true,"href":"https:\/\/ptbf.pl\/index.php?rest_route=\/wp\/v2\/users\/2"}],"replies":[{"embeddable":true,"href":"https:\/\/ptbf.pl\/index.php?rest_route=%2Fwp%2Fv2%2Fcomments&post=2278"}],"version-history":[{"count":4,"href":"https:\/\/ptbf.pl\/index.php?rest_route=\/wp\/v2\/pages\/2278\/revisions"}],"predecessor-version":[{"id":2395,"href":"https:\/\/ptbf.pl\/index.php?rest_route=\/wp\/v2\/pages\/2278\/revisions\/2395"}],"up":[{"embeddable":true,"href":"https:\/\/ptbf.pl\/index.php?rest_route=\/wp\/v2\/pages\/45"}],"wp:attachment":[{"href":"https:\/\/ptbf.pl\/index.php?rest_route=%2Fwp%2Fv2%2Fmedia&parent=2278"}],"curies":[{"name":"wp","href":"https:\/\/api.w.org\/{rel}","templated":true}]}}