{"id":2806,"date":"2026-03-04T18:17:06","date_gmt":"2026-03-04T18:17:06","guid":{"rendered":"https:\/\/ptbf.pl\/?page_id=2806"},"modified":"2026-03-04T18:18:29","modified_gmt":"2026-03-04T18:18:29","slug":"oddzial-wroclaw","status":"publish","type":"page","link":"https:\/\/ptbf.pl\/?page_id=2806","title":{"rendered":"Oddzia\u0142 Wroc\u0142aw"},"content":{"rendered":"<hr>\n<p><strong>Kontakt<\/strong><\/p>\n<p>Polskie Towarzystwo Biofizyczne Oddzia\u0142 we Wroc\u0142awiu<br \/>\nKatedra Fizyki i Biofizyki<br \/>\nUniwersytet Przyrodniczy we Wroc\u0142awiu<br \/>\nNorwida 25, 50-375 Wroc\u0142aw<\/p>\n<p><a href=\"https:\/\/kfib.upwr.edu.pl\/dzialalnosc-naukowa\/organizacje\/polskie-towarzystwo-biofizyczne\">https:\/\/kfib.upwr.edu.pl\/dzialalnosc-naukowa\/organizacje\/polskie-towarzystwo-biofizyczne<\/a><\/p>\n<p><strong>Zarz\u0105d Wroc\u0142awskiego Oddzia\u0142u Polskiego Towarzystwa Biofizycznego:<\/strong><\/p>\n<p><strong>Przewodnicz\u0105ca:<\/strong><br \/>\nDr hab. Sylwia Cyboran-Miko\u0142ajczyk<br \/>\nKatedra Fizyki i Biofizyki<br \/>\nUniwersytet Przyrodniczy we Wroc\u0142awiu<br \/>\nNorwida 25,&nbsp; 50-375 Wroc\u0142aw<br \/>\ntel. 71 320 52 75<br \/>\ne-mail:&nbsp;<a href=\"mailto:sylwia.cyboran@upwr.edu.pl\">sylwia.cyboran@upwr.edu.pl<\/a><\/p>\n<p><strong>Wiceprzewodnicz\u0105cy:<\/strong><br \/>\nDr hab. Dorota Bonarska-Kujawa<br \/>\nKatedra Fizyki i Biofizyki<br \/>\nUniwersytet Przyrodniczy we Wroc\u0142awiu<br \/>\nNorwida 25,&nbsp; 50-375 Wroc\u0142aw<br \/>\ntel. 71 320 5294<br \/>\ne-mail:&nbsp;<a href=\"mailto:dorota.bonarska-kujawa@upwr.edu.pl\">dorota.bonarska-kujawa@upwr.edu.pl<\/a><\/p>\n<p><strong>Sekretarz:<\/strong><br \/>\nDr hab. Hanna Pruchnik<br \/>\nKatedra Fizyki i Biofizyki<br \/>\nUniwersytet Przyrodniczy we Wroc\u0142awiu<br \/>\nNorwida 25,&nbsp; 50-375 Wroc\u0142aw<br \/>\ntel. 71 320 5141<br \/>\ne-mail:&nbsp;<a href=\"mailto:hanna.pruchnk@upwr.edu.pl\">hanna.pruchnk@upwr.edu.pl<\/a><\/p>\n<p><strong>Skarbnik:<\/strong><br \/>\nDr Paulina Struga\u0142a-Danak<br \/>\nKatedra Fizyki i Biofizyki<br \/>\nUniwersytet Przyrodniczy we Wroc\u0142awiu<br \/>\nNorwida 25,&nbsp; 50-375 Wroc\u0142aw<br \/>\ntel. 71 320 5295<br \/>\ne-mail:&nbsp;<a href=\"mailto:paulina.strugala@upwr.edu.pl\">paulina.strugala@upwr.edu.pl<\/a><\/p>\n","protected":false},"excerpt":{"rendered":"<a href=\"https:\/\/ptbf.pl\/?page_id=2806\"><img loading=\"lazy\" decoding=\"async\" width=\"150\" height=\"150\" src=\"http:\/\/ptbf.pl\/wp-content\/plugins\/thumbnail-for-excerpts\/tfe_no_thumb.png\" class=\"alignleft wp-post-image tfe\" alt=\"\" title=\"\" \/><\/a><p>Kontakt Polskie Towarzystwo Biofizyczne Oddzia\u0142 we Wroc\u0142awiu Katedra Fizyki i Biofizyki Uniwersytet Przyrodniczy we Wroc\u0142awiu Norwida 25, 50-375 Wroc\u0142aw https:\/\/kfib.upwr.edu.pl\/dzialalnosc-naukowa\/organizacje\/polskie-towarzystwo-biofizyczne Zarz\u0105d Wroc\u0142awskiego Oddzia\u0142u Polskiego Towarzystwa Biofizycznego: Przewodnicz\u0105ca: Dr hab. Sylwia Cyboran-Miko\u0142ajczyk Katedra Fizyki i Biofizyki Uniwersytet Przyrodniczy we Wroc\u0142awiu Norwida &hellip; <a href=\"https:\/\/ptbf.pl\/?page_id=2806\">Czytaj dalej <span class=\"meta-nav\">&rarr;<\/span><\/a><\/p>\n","protected":false},"author":7,"featured_media":0,"parent":45,"menu_order":0,"comment_status":"closed","ping_status":"closed","template":"","meta":{"ngg_post_thumbnail":0,"footnotes":"","_links_to":"","_links_to_target":""},"class_list":["post-2806","page","type-page","status-publish","hentry"],"_links":{"self":[{"href":"https:\/\/ptbf.pl\/index.php?rest_route=\/wp\/v2\/pages\/2806","targetHints":{"allow":["GET"]}}],"collection":[{"href":"https:\/\/ptbf.pl\/index.php?rest_route=\/wp\/v2\/pages"}],"about":[{"href":"https:\/\/ptbf.pl\/index.php?rest_route=\/wp\/v2\/types\/page"}],"author":[{"embeddable":true,"href":"https:\/\/ptbf.pl\/index.php?rest_route=\/wp\/v2\/users\/7"}],"replies":[{"embeddable":true,"href":"https:\/\/ptbf.pl\/index.php?rest_route=%2Fwp%2Fv2%2Fcomments&post=2806"}],"version-history":[{"count":2,"href":"https:\/\/ptbf.pl\/index.php?rest_route=\/wp\/v2\/pages\/2806\/revisions"}],"predecessor-version":[{"id":2809,"href":"https:\/\/ptbf.pl\/index.php?rest_route=\/wp\/v2\/pages\/2806\/revisions\/2809"}],"up":[{"embeddable":true,"href":"https:\/\/ptbf.pl\/index.php?rest_route=\/wp\/v2\/pages\/45"}],"wp:attachment":[{"href":"https:\/\/ptbf.pl\/index.php?rest_route=%2Fwp%2Fv2%2Fmedia&parent=2806"}],"curies":[{"name":"wp","href":"https:\/\/api.w.org\/{rel}","templated":true}]}}