{"id":2839,"date":"2026-03-13T13:17:51","date_gmt":"2026-03-13T13:17:51","guid":{"rendered":"https:\/\/ptbf.pl\/?page_id=2839"},"modified":"2026-03-13T13:22:47","modified_gmt":"2026-03-13T13:22:47","slug":"oddzial-radom","status":"publish","type":"page","link":"https:\/\/ptbf.pl\/?page_id=2839","title":{"rendered":"Oddzia\u0142 Radom"},"content":{"rendered":"<p><strong>Przewodnicz\u0105cy Oddzia\u0142u<\/strong><\/p>\n<p>dr hab. Karol Ciepluch, prof. URad.<br \/>\nLaboratorium Biologii Molekularnej<br \/>\nKatedra Podstawowych Nauk medycznych, Uniwersytet Radomski&nbsp;<br \/>\nemail: <a href=\"mailto:k.ciepluch@urad.edu.pl\">k.ciepluch@urad.edu.pl<\/a><\/p>\n<p><strong>Wiceprzewodnicz\u0105ca Oddzia\u0142u<\/strong><\/p>\n<p>dr Dorota Kuc-Ciepluch<br \/>\nLaboratorium Biologii Molekularnej<br \/>\nKatedra Podstawowych Nauk medycznych, Uniwersytet Radomski&nbsp;<br \/>\nemail: <a href=\"mailto:d.kuc-ciepluch@urad.edu.pl\">d.kuc-ciepluch@urad.edu.pl<\/a><\/p>\n<p><strong>Sekretarz Oddzia\u0142u<\/strong><\/p>\n<p>dr Magdalena Lasak<\/p>\n<p>&nbsp;<\/p>\n","protected":false},"excerpt":{"rendered":"<a href=\"https:\/\/ptbf.pl\/?page_id=2839\"><img loading=\"lazy\" decoding=\"async\" width=\"150\" height=\"150\" src=\"http:\/\/ptbf.pl\/wp-content\/plugins\/thumbnail-for-excerpts\/tfe_no_thumb.png\" class=\"alignleft wp-post-image tfe\" alt=\"\" title=\"\" \/><\/a><p>Przewodnicz\u0105cy Oddzia\u0142u dr hab. Karol Ciepluch, prof. URad. Laboratorium Biologii Molekularnej Katedra Podstawowych Nauk medycznych, Uniwersytet Radomski&nbsp; email: k.ciepluch@urad.edu.pl Wiceprzewodnicz\u0105ca Oddzia\u0142u dr Dorota Kuc-Ciepluch Laboratorium Biologii Molekularnej Katedra Podstawowych Nauk medycznych, Uniwersytet Radomski&nbsp; email: d.kuc-ciepluch@urad.edu.pl Sekretarz Oddzia\u0142u dr Magdalena Lasak &hellip; <a href=\"https:\/\/ptbf.pl\/?page_id=2839\">Czytaj dalej <span class=\"meta-nav\">&rarr;<\/span><\/a><\/p>\n","protected":false},"author":7,"featured_media":0,"parent":45,"menu_order":0,"comment_status":"closed","ping_status":"closed","template":"","meta":{"ngg_post_thumbnail":0,"footnotes":"","_links_to":"","_links_to_target":""},"class_list":["post-2839","page","type-page","status-publish","hentry"],"_links":{"self":[{"href":"https:\/\/ptbf.pl\/index.php?rest_route=\/wp\/v2\/pages\/2839","targetHints":{"allow":["GET"]}}],"collection":[{"href":"https:\/\/ptbf.pl\/index.php?rest_route=\/wp\/v2\/pages"}],"about":[{"href":"https:\/\/ptbf.pl\/index.php?rest_route=\/wp\/v2\/types\/page"}],"author":[{"embeddable":true,"href":"https:\/\/ptbf.pl\/index.php?rest_route=\/wp\/v2\/users\/7"}],"replies":[{"embeddable":true,"href":"https:\/\/ptbf.pl\/index.php?rest_route=%2Fwp%2Fv2%2Fcomments&post=2839"}],"version-history":[{"count":3,"href":"https:\/\/ptbf.pl\/index.php?rest_route=\/wp\/v2\/pages\/2839\/revisions"}],"predecessor-version":[{"id":2843,"href":"https:\/\/ptbf.pl\/index.php?rest_route=\/wp\/v2\/pages\/2839\/revisions\/2843"}],"up":[{"embeddable":true,"href":"https:\/\/ptbf.pl\/index.php?rest_route=\/wp\/v2\/pages\/45"}],"wp:attachment":[{"href":"https:\/\/ptbf.pl\/index.php?rest_route=%2Fwp%2Fv2%2Fmedia&parent=2839"}],"curies":[{"name":"wp","href":"https:\/\/api.w.org\/{rel}","templated":true}]}}