{"id":2918,"date":"2026-05-05T07:45:49","date_gmt":"2026-05-05T07:45:49","guid":{"rendered":"https:\/\/ptbf.pl\/?page_id=2918"},"modified":"2026-05-05T07:46:35","modified_gmt":"2026-05-05T07:46:35","slug":"oddzial-katowice","status":"publish","type":"page","link":"https:\/\/ptbf.pl\/?page_id=2918","title":{"rendered":"Oddzia\u0142 Katowice"},"content":{"rendered":"<h3>Polskie Towarzystwo Biofizyczne Oddzia\u0142 w Katowicach<\/h3>\n<p class=\"v1v1MsoNormal\"><strong>Przewodnicz\u0105cy<br \/>\n<\/strong>Dr n.med. Barbara Pietrzyk<br \/>\n<a href=\"mailto:bpietrzyk@sum.edu.pl\" rel=\"noreferrer\">bpietrzyk@sum.edu.pl<\/a><strong><br \/>\n<\/strong><\/p>\n<p class=\"v1v1MsoNormal\"><strong>Wiceprzewodnicz\u0105cy<br \/>\n<\/strong>Dr hab. Patrycja Dolibog<br \/>\n<a href=\"mailto:pdolibog@sum.edu.pl\" rel=\"noreferrer\">pdolibog@sum.edu.pl<\/a><strong><br \/>\n<\/strong><\/p>\n<p class=\"v1v1MsoNormal\"><strong>Sekretarz<\/strong><br \/>\nMgr Klaudia Kierszniok<br \/>\n<a href=\"mailto:klaudia.kierszniok@sum.edu.pl\" rel=\"noreferrer\">klaudia.kierszniok@sum.edu.pl<\/a><strong><br \/>\n<\/strong><\/p>\n<p class=\"v1v1MsoNormal\"><strong>Skarbnik<br \/>\n<\/strong>Dr n. fiz. Paulina Trybek&nbsp;<br \/>\n<a href=\"mailto:paulina.trybek@smcebi.edu.pl\" rel=\"noreferrer\">paulina.trybek@smcebi.edu.pl<\/a><\/p>\n<p class=\"v1v1MsoNormal\"><strong>Sk\u0142ad Komisji Rewizyjnej<br \/>\n<\/strong>Dr in\u017c. Agata Wawrzkiewicz \u2013 Ja\u0142owiecka&nbsp;<span class=\"v1v1s1\"><a href=\"mailto:agata.wawrzkiewicz-jalowiecka@polsl.pl\" rel=\"noreferrer\">agata.wawrzkiewicz-jalowiecka@polsl.pl<\/a><br \/>\n<\/span>Dr n.med. Tomasz Pryzwan&nbsp;<span class=\"v1v1s1\"><a href=\"mailto:tomasz.pryzwan@sum.edu.pl\" rel=\"noreferrer\">tomasz.pryzwan@sum.edu.pl<\/a><br \/>\n<\/span>Mgr Adam \u0141ukasiak&nbsp;<span class=\"v1v1s1\"><a href=\"mailto:adamlukasiak@interia.eu\" rel=\"noreferrer\">adamlukasiak@interia.eu<\/a><\/span><\/p>\n","protected":false},"excerpt":{"rendered":"<a href=\"https:\/\/ptbf.pl\/?page_id=2918\"><img loading=\"lazy\" decoding=\"async\" width=\"150\" height=\"150\" src=\"http:\/\/ptbf.pl\/wp-content\/plugins\/thumbnail-for-excerpts\/tfe_no_thumb.png\" class=\"alignleft wp-post-image tfe\" alt=\"\" title=\"\" \/><\/a><p>Polskie Towarzystwo Biofizyczne Oddzia\u0142 w Katowicach Przewodnicz\u0105cy Dr n.med. Barbara Pietrzyk bpietrzyk@sum.edu.pl Wiceprzewodnicz\u0105cy Dr hab. Patrycja Dolibog pdolibog@sum.edu.pl Sekretarz Mgr Klaudia Kierszniok klaudia.kierszniok@sum.edu.pl Skarbnik Dr n. fiz. Paulina Trybek&nbsp; paulina.trybek@smcebi.edu.pl Sk\u0142ad Komisji Rewizyjnej Dr in\u017c. Agata Wawrzkiewicz \u2013 Ja\u0142owiecka&nbsp;agata.wawrzkiewicz-jalowiecka@polsl.pl Dr &hellip; <a href=\"https:\/\/ptbf.pl\/?page_id=2918\">Czytaj dalej <span class=\"meta-nav\">&rarr;<\/span><\/a><\/p>\n","protected":false},"author":7,"featured_media":0,"parent":45,"menu_order":11,"comment_status":"closed","ping_status":"closed","template":"","meta":{"ngg_post_thumbnail":0,"footnotes":"","_links_to":"","_links_to_target":""},"class_list":["post-2918","page","type-page","status-publish","hentry"],"_links":{"self":[{"href":"https:\/\/ptbf.pl\/index.php?rest_route=\/wp\/v2\/pages\/2918","targetHints":{"allow":["GET"]}}],"collection":[{"href":"https:\/\/ptbf.pl\/index.php?rest_route=\/wp\/v2\/pages"}],"about":[{"href":"https:\/\/ptbf.pl\/index.php?rest_route=\/wp\/v2\/types\/page"}],"author":[{"embeddable":true,"href":"https:\/\/ptbf.pl\/index.php?rest_route=\/wp\/v2\/users\/7"}],"replies":[{"embeddable":true,"href":"https:\/\/ptbf.pl\/index.php?rest_route=%2Fwp%2Fv2%2Fcomments&post=2918"}],"version-history":[{"count":2,"href":"https:\/\/ptbf.pl\/index.php?rest_route=\/wp\/v2\/pages\/2918\/revisions"}],"predecessor-version":[{"id":2920,"href":"https:\/\/ptbf.pl\/index.php?rest_route=\/wp\/v2\/pages\/2918\/revisions\/2920"}],"up":[{"embeddable":true,"href":"https:\/\/ptbf.pl\/index.php?rest_route=\/wp\/v2\/pages\/45"}],"wp:attachment":[{"href":"https:\/\/ptbf.pl\/index.php?rest_route=%2Fwp%2Fv2%2Fmedia&parent=2918"}],"curies":[{"name":"wp","href":"https:\/\/api.w.org\/{rel}","templated":true}]}}