{"id":41,"date":"2011-11-22T14:54:23","date_gmt":"2011-11-22T14:54:23","guid":{"rendered":"http:\/\/ptbf.sggw.pl\/?page_id=41"},"modified":"2026-02-05T14:03:40","modified_gmt":"2026-02-05T14:03:40","slug":"historia","status":"publish","type":"page","link":"https:\/\/ptbf.pl\/?page_id=41","title":{"rendered":"Historia"},"content":{"rendered":"<p>KALENDARIUM&nbsp;pocz\u0105tk\u00f3w rozwoju biofizyki w Polsce \u2013 wersja wst\u0119pna<br \/>\n(zespo\u0142y, konferencje, szko\u0142y, istotniejsze wydarzenia i wydawnictwa z udzia\u0142em biofizyk\u00f3w w ubieg\u0142ym stuleciu)<\/p>\n<p>Prof. dr hab. Bogdan Lesyng<\/p>\n<p><a href=\"http:\/\/ptbf.pl\/wp-content\/uploads\/2022\/09\/2022_0906-KALENDARIUM.pdf\">link do KALENDARIUM<\/a><\/p>\n<p><a href=\"http:\/\/ptbf.pl\/wp-content\/uploads\/2025\/03\/PTBF_PREZENTACJA_WIODACA_2022_BL.pdf\">link do Wyk\u0142adu prof. dr hab. Bogdana Lesynga z PTBF2022<\/a><\/p>\n<p><a href=\"http:\/\/ptbf.pl\/wp-content\/uploads\/2025\/03\/KROOTKA_HISTORIA_poczatkow_polskiej_biofizyki_RAPORT_2022_BL.pdf\">link do KR\u00d3TKA HISTORIA POCZ\u0104TK\u00d3W POLSKIEJ BIOFIZYKI<\/a><\/p>\n<h2>&#8212;&#8212;&#8212;&#8212;&#8212;&#8212;&#8212;&#8212;&#8212;&#8212;&#8212;&#8212;&#8212;&#8212;&#8212;&#8212;&#8212;&#8212;&#8212;&#8212;<\/h2>\n<p>Polskie Towarzystwo Biofizyczne zosta\u0142o za\u0142o\u017cone w roku 1971 z siedzib\u0105 we Wroc\u0142awiu.<\/p>\n<p><a href=\"\/wp-content\/uploads\/2011\/11\/o-towarzystwach.pdf\">O Towarzystwach w Polsce<\/a><\/p>\n<p><a href=\"http:\/\/ptbf.pl\/wp-content\/uploads\/2025\/03\/POLSKIE-TOWARZYSTWO-BIOFIZYCZNE_JM_PB.pdf\">O Polskim Towarzystwie Biofizycznym (Jerzy Mozrzymas, Piotr Bednarczyk)<\/a><\/p>\n<h2>&#8212;&#8212;&#8212;&#8212;&#8212;&#8212;&#8212;&#8212;&#8212;&#8212;&#8212;&#8212;&#8212;&#8212;&#8212;&#8212;&#8212;&#8212;&#8212;&#8212;<\/h2>\n<h2>Sk\u0142ad Zarz\u0105du G\u0142\u00f3wnego PTBF w latach 2023 \u2013 2025 (siedziba Warszawa)<\/h2>\n<h1 class=\"entry-title\">Zarz\u0105d G\u0142\u00f3wny<\/h1>\n<div class=\"entry-content\">\n<h2>PREZES<\/h2>\n<p><strong>Prof. dr hab. Piotr Bednarczyk<\/strong><br \/>\nKatedra Fizyki i Biofizyki<br \/>\nInstytut Biologii<br \/>\nSzko\u0142a G\u0142\u00f3wna Gospodarstwa Wiejskiego w Warszawie<br \/>\nul. Nowoursynowska 159, 02-776 Warszawa<br \/>\ne-mail: piotr_bednarczyk@sggw.edu.pl<\/p>\n<h2>WICEPREZES<\/h2>\n<p><strong>Dr hab. Beata Wielgus-Kutrowska, prof. UW<\/strong><br \/>\nZak\u0142ad Biofizyki<br \/>\nInstytut Fizyki Do\u015bwiadczalnej<br \/>\nUniwersytet Warszawski<br \/>\nul. Pasteura 5, 02-093 Warszawa<br \/>\ne-mail: Beata.Wielgus-Kutrowska@fuw.edu.pl<\/p>\n<h2>SEKRETARZ<\/h2>\n<p><strong>Dr hab. Magdalena Stobiecka, prof. SGGW<\/strong><br \/>\nKatedra Fizyki i Biofizyki<br \/>\nInstytut Biologii<br \/>\nSzko\u0142a G\u0142\u00f3wna Gospodarstwa Wiejskiego w Warszawie<br \/>\nul. Nowoursynowska 159, 02-776 Warszawa<br \/>\ne-mail: magdalena_stobiecka@sggw.edu.pl<\/p>\n<h2>SKARBNIK<\/h2>\n<p><strong>Dr Beata Dworakowska<\/strong><br \/>\nKatedra Fizyki i Biofizyki<br \/>\nInstytut Biologii<br \/>\nSzko\u0142a G\u0142\u00f3wna Gospodarstwa Wiejskiego w Warszawie<br \/>\nul. Nowoursynowska 159, 02-776 Warszawa<br \/>\ne-mail: beata_dworakowska@sggw.edu.pl<\/p>\n<\/div>\n<h2>&#8212;&#8212;&#8212;&#8212;&#8212;&#8212;&#8212;&#8212;&#8212;&#8212;&#8212;&#8212;&#8212;&#8212;&#8212;&#8212;&#8212;&#8212;&#8212;&#8212;&#8212;&#8212;&#8212;&#8212;&#8212;&#8212;&#8212;&#8212;<\/h2>\n<h2>Sk\u0142ad Zarz\u0105du G\u0142\u00f3wnego PTBF w latach 2020 &#8211; 2022 (siedziba Warszawa)<\/h2>\n<h1 class=\"entry-title\">Zarz\u0105d G\u0142\u00f3wny<\/h1>\n<div class=\"entry-content\">\n<h2>PREZES<\/h2>\n<p><strong>Dr hab. Piotr Bednarczyk, prof. SGGW<\/strong><br \/>\nKatedra Fizyki i Biofizyki<br \/>\nInstytut Biologii<br \/>\nSzko\u0142a G\u0142\u00f3wna Gospodarstwa Wiejskiego w Warszawie<br \/>\nul. Nowoursynowska 159, 02-776 Warszawa<br \/>\ne-mail: prezes@ptbf.pl<br \/>\ne-mail: piotr_bednarczyk@sggw.pl<\/p>\n<h2>WICEPREZES<\/h2>\n<p><strong>Dr hab. Beata Wielgus-Kutrowska<\/strong><br \/>\nZak\u0142ad Biofizyki<br \/>\nInstytut Fizyki Do\u015bwiadczalnej<br \/>\nUniwersytet Warszawski<br \/>\nul. Pasteura 5, 02-093 Warszawa<br \/>\ne-mail: Beata.Wielgus-Kutrowska@fuw.edu.pl<\/p>\n<h2>SEKRETARZ<\/h2>\n<p><strong>Dr hab. Magdalena Stobiecka<\/strong><br \/>\nKatedra Fizyki i Biofizyki<br \/>\nInstytut Biologii<br \/>\nSzko\u0142a G\u0142\u00f3wna Gospodarstwa Wiejskiego w Warszawie<br \/>\nul. Nowoursynowska 159, 02-776 Warszawa<br \/>\ne-mail: magdalena_stobiecka@sggw.pl<\/p>\n<h2>SKARBNIK<\/h2>\n<p><strong>Dr Beata Dworakowska<\/strong><br \/>\nKatedra Fizyki i Biofizyki<br \/>\nInstytut Biologii<br \/>\nSzko\u0142a G\u0142\u00f3wna Gospodarstwa Wiejskiego w Warszawie<br \/>\nul. Nowoursynowska 159, 02-776 Warszawa<br \/>\ne-mail: beata_dworakowska@sggw.pl<\/p>\n<h2>CZ\u0141ONKOWIE ZARZ\u0104DU<\/h2>\n<p><strong>Prof. dr hab. Bo\u017cena Bukowska<\/strong><br \/>\nKatedra Biofizyki Ska\u017ce\u0144 \u015arodowiska<br \/>\nWydzia\u0142 Biologii i Ochrony \u015arodowiska<br \/>\nUniwersytet \u0141\u00f3dzki<br \/>\nul. Pomorska 141\/143; 90-236 \u0141\u00f3d\u017a<br \/>\ne-mail: bozena.bukowska@biol.uni.lodz.pl<\/p>\n<p><strong>Prof. dr hab. Wies\u0142aw I. Gruszecki<\/strong><br \/>\nZak\u0142ad Biofizyki, Instytut Fizyki<br \/>\nUniwersytet Marii-Curie Sk\u0142odowskiej w Lublinie<br \/>\npl. M. Curie-Sk\u0142odowskiej 1 p. 201, 20-031 Lublin<br \/>\ne-mail: wieslaw.gruszecki@umcs.pl<\/p>\n<p><strong>Prof. dr hab. Zbigniew Wieczorek<\/strong><br \/>\nKatedra Fizyki i Biofizyki<br \/>\nUniwersytet Warmi\u0144sko-Mazurski<br \/>\nul. Micha\u0142a Oczapowskiego 4, 10-719 Olsztyn<br \/>\ne-mail: zbigniew.wieczorek@uwm.edu.pl<\/p>\n<h2>CZ\u0141ONKOWIE KOMISJI REWIZYJNEJ<\/h2>\n<p><strong>Dr hab. Anita Krokosz<\/strong><br \/>\nKatedra Biofizyki Molekularnej<br \/>\nWydzia\u0142 Biologii i Ochrony \u015arodowiska<br \/>\nUniwersytet \u0141\u00f3dzki<br \/>\nul. Pomorska 141\/143, 90-236 \u0141\u00f3d\u017a<br \/>\ne-mail: krokosz@biol.uni.lodz.pl<\/p>\n<p><strong>Dr hab. Anna Marcinkowska<\/strong><br \/>\nKatedra Neurologii<br \/>\nUniwersytet Medyczny im. Karola Marcinkowskiego<br \/>\ne-mai: margap@ump.edu.pl<\/p>\n<p><strong>Dr Justyna Strankowska<\/strong><br \/>\nZak\u0142ad Fizyki Stosowanej<br \/>\nInstytut Fizyki Do\u015bwiadczalnej<br \/>\nWydzia\u0142 Matematyki, Fizyki i Informatyki<br \/>\nUniwersytet Gda\u0144ski<br \/>\nul. Wita Stwosza 57, 80-308 Gda\u0144sk<br \/>\nTel.: +4858 523 22 49<br \/>\ne-mail: justyna.strankowska@ug.edu.pl<\/p>\n<\/div>\n<p>&#8212;&#8212;&#8212;&#8212;&#8212;&#8212;&#8212;&#8212;&#8212;&#8212;&#8212;&#8212;&#8212;&#8212;&#8212;&#8212;&#8212;&#8212;&#8212;&#8212;&#8212;&#8212;&#8212;&#8212;&#8212;&#8212;&#8212;&#8212;<\/p>\n<h2>Sk\u0142ad Zarz\u0105du G\u0142\u00f3wnego PTBF w latach 2014-2019<br \/>\n(siedziba w Olsztynie)<\/h2>\n<h2>PREZES<\/h2>\n<p><strong>Prof. dr hab. Zbigniew Wieczorek<\/strong><br \/>\nKatedra Fizyki i Biofizyki<br \/>\nUniwersytet Warmi\u0144sko-Mazurski<br \/>\nul. Micha\u0142a Oczapowskiego 4, 10-719 Olsztyn<br \/>\ne-mail: zbigniew.wieczorek@uwm.edu.pl, tel.: +48 89 523 45 47<\/p>\n<h2>WICEPREZES<\/h2>\n<p><strong>Dr hab. Krzysztof Bryl, prof. UWM<\/strong><br \/>\nKatedra Fizyki i Biofizyki<br \/>\nUniwersytet Warmi\u0144sko-Mazurski<br \/>\nul. Micha\u0142a Oczapowskiego 4, 10-719 Olsztyn<br \/>\ne-mail: krzysztof.bryl@uwm.edu.pl, tel.: +48 89 523 32 75<\/p>\n<h2>SEKRETARZ<\/h2>\n<p><strong>Dr hab. Mariusz Szabelski, prof. UWM<\/strong><br \/>\nKatedra Fizyki i Biofizyki<br \/>\nUniwersytet Warmi\u0144sko-Mazurski<br \/>\nul. Micha\u0142a Oczapowskiego 4, 10-719 Olsztyn<br \/>\ne-mail: mariusz.szabelski@uwm.edu.pl, tel.: +48 89 524 52 70<\/p>\n<h2>SKARBNIK<\/h2>\n<p><strong>Dr Monika Pietrzak<\/strong><br \/>\nKatedra Fizyki i Biofizyki<br \/>\nUniwersytet Warmi\u0144sko-Mazurski<br \/>\nul. Micha\u0142a Oczapowskiego 4, 10-719 Olsztyn<br \/>\ne-mail: pietrzak@uwm.edu.pl, tel.: +48 89 523 34 32<\/p>\n<h2>CZ\u0141ONEK<\/h2>\n<p><strong>Prof. dr hab. Wies\u0142aw I. Gruszecki<\/strong><br \/>\nZak\u0142ad Biofizyki, Instytut Fizyki<br \/>\nUniwersytet Marii-Curie Sk\u0142odowskiej w Lublinie<br \/>\npl. M. Curie-Sk\u0142odowskiej 1 p. 201, 20-031 Lublin<br \/>\ne-mail: wieslaw.gruszecki@umcs.pl, tel.: +48 81 537 62 52<\/p>\n<h2>CZ\u0141ONEK<\/h2>\n<p><strong>Prof. dr hab. Grzegorz Bartosz<\/strong><br \/>\nKatedra Biofizyki Molekularnej<br \/>\nUniwersytet \u0141\u00f3dzki<br \/>\nul. Pomorska 141\/143, 90-236 \u0141\u00f3d\u017a, Budynek D<br \/>\ne-mail: gbartosz@biol.uni.lodz.pl , &nbsp;tel.: +48 42 635 44 76<\/p>\n<h2>CZ\u0141ONEK<\/h2>\n<p><strong>Prof. dr hab. Krzysztof Do\u0142owy<\/strong><br \/>\nKatedra Fizyki<br \/>\nSzko\u0142a G\u0142\u00f3wna Gospodarstwa Wiejskiego w Warszawie<br \/>\nul. Nowoursynowska 159, 02-776 Warszawa<br \/>\ne-mail: krzysztof_dolowy@sggw.pl, tel.: +48 22&nbsp;593 86 10<\/p>\n<p>&#8212;&#8212;&#8212;&#8212;&#8212;&#8212;&#8212;&#8212;&#8212;&#8212;&#8212;&#8212;&#8212;&#8212;&#8212;&#8212;&#8212;&#8212;&#8212;&#8212;&#8212;&#8212;&#8212;&#8212;&#8212;&#8212;&#8212;&#8212;&#8212;&#8212;&#8212;<\/p>\n<h2>Sk\u0142ad Zarz\u0105du G\u0142\u00f3wnego PTBF w latach 2010 &#8211; 2013 (siedziba LUBLIN)<\/h2>\n<h2>PREZES<\/h2>\n<p><strong>Prof. dr hab. Wies\u0142aw I. Gruszecki<br \/>\n<\/strong>Zak\u0142ad Biofizyki, Instytut Fizyki<br \/>\nUniwersytet Marii-Curie Sk\u0142odowskiej w Lublinie<br \/>\npl. M. Curie-Sk\u0142odowskiej 1 p. 201, 20-031 Lublin<br \/>\ne-mail: wieslaw.gruszecki@umcs.pl, tel.: +4881 537 62 52<\/p>\n<h2>VICE-PREZES<\/h2>\n<p><strong>Dr hab. n.med. Hanna Tr\u0119bacz<br \/>\n<\/strong>Katedra i Zak\u0142ad Biofizyki<br \/>\nUniwersytet Medyczny w Lublinie<br \/>\nul. Jaczewskiego 4, 20-090 Lublin<br \/>\ne-mail: hanna.trebacz@am.lublin.pl, tel.: +4881 742 36 71<\/p>\n<h2>SEKRETARZ<\/h2>\n<p><strong> Dr Wojciech Grudzi\u0144ski<br \/>\n<\/strong>Zak\u0142ad Biofizyki, Instytut Fizyki<br \/>\nUniwersytet Marii-Curie Sk\u0142odowskiej w Lublinie<br \/>\npl. M. Curie-Sk\u0142odowskiej 1 p. 213, 20-031 Lublin<br \/>\ne-mail: wieslaw.gruszecki@umcs.pl, tel.: +4881 537 62 52<\/p>\n<h2>SKARBNIK<\/h2>\n<p><strong>Dr Witold Okulski<br \/>\n<\/strong>Katedra i Zak\u0142ad Biofizyki<br \/>\nUniwersytet Medyczny w Lublinie<br \/>\nul. Jaczewskiego 4, 20-090 Lublin<br \/>\ne-mail: witold.okulski@am.lublin.pl, tel.: +4881 742 36 75<\/p>\n<h2>CZ\u0141ONEK<\/h2>\n<p><strong>Prof. dr hab. Maria Koter-Michalak<br \/>\n<\/strong>Katedra Biofizyki Ska\u017ce\u0144 \u015arodowiska<br \/>\nUniwersytet \u0141\u00f3dzki<br \/>\nul. Banacha nr 12\/16, 90-237 \u0141\u00f3d\u017a<br \/>\ne-mail: koterm@biol.uni.lodz.pl, tel.: +4842 635 44 75<\/p>\n<h2>CZ\u0141ONEK<\/h2>\n<p><strong>Prof. dr hab. Andrzej Hendrich<br \/>\n<\/strong>Katedra i Zak\u0142ad Biologii i Parazytologii Lekarskiej<br \/>\nul. J. Mikulicza-Radeckiego 9, 50-367 Wroc\u0142aw<br \/>\ne-mali: andrzej.hendrich@am.wroc.pl, tel.: +4871 784 15 12<\/p>\n<h2>CZ\u0141ONEK<\/h2>\n<p><strong>Prof. dr hab. Krzysztof Do\u0142owy<br \/>\n<\/strong>Katedra Fizyki, Zak\u0142ad Biofizyki<br \/>\nSzko\u0142a G\u0142\u00f3wna Gospodarstwa Wiejskiego w Warszawie<br \/>\nul. Nowoursynowska 159, 02-776 Warszawa<br \/>\ne-mail: krzysztof_dolowy@sggw.pl. tel.: +4822&nbsp;593 86 10<\/p>\n","protected":false},"excerpt":{"rendered":"<a href=\"https:\/\/ptbf.pl\/?page_id=41\"><img loading=\"lazy\" decoding=\"async\" width=\"150\" height=\"150\" src=\"http:\/\/ptbf.pl\/wp-content\/plugins\/thumbnail-for-excerpts\/tfe_no_thumb.png\" class=\"alignleft wp-post-image tfe\" alt=\"\" title=\"\" \/><\/a><p>KALENDARIUM&nbsp;pocz\u0105tk\u00f3w rozwoju biofizyki w Polsce \u2013 wersja wst\u0119pna (zespo\u0142y, konferencje, szko\u0142y, istotniejsze wydarzenia i wydawnictwa z udzia\u0142em biofizyk\u00f3w w ubieg\u0142ym stuleciu) Prof. dr hab. Bogdan Lesyng link do KALENDARIUM link do Wyk\u0142adu prof. dr hab. Bogdana Lesynga z PTBF2022 link &hellip; <a href=\"https:\/\/ptbf.pl\/?page_id=41\">Czytaj dalej <span class=\"meta-nav\">&rarr;<\/span><\/a><\/p>\n","protected":false},"author":2,"featured_media":0,"parent":0,"menu_order":1,"comment_status":"closed","ping_status":"closed","template":"","meta":{"ngg_post_thumbnail":0,"footnotes":"","_links_to":"","_links_to_target":""},"class_list":["post-41","page","type-page","status-publish","hentry"],"_links":{"self":[{"href":"https:\/\/ptbf.pl\/index.php?rest_route=\/wp\/v2\/pages\/41","targetHints":{"allow":["GET"]}}],"collection":[{"href":"https:\/\/ptbf.pl\/index.php?rest_route=\/wp\/v2\/pages"}],"about":[{"href":"https:\/\/ptbf.pl\/index.php?rest_route=\/wp\/v2\/types\/page"}],"author":[{"embeddable":true,"href":"https:\/\/ptbf.pl\/index.php?rest_route=\/wp\/v2\/users\/2"}],"replies":[{"embeddable":true,"href":"https:\/\/ptbf.pl\/index.php?rest_route=%2Fwp%2Fv2%2Fcomments&post=41"}],"version-history":[{"count":9,"href":"https:\/\/ptbf.pl\/index.php?rest_route=\/wp\/v2\/pages\/41\/revisions"}],"predecessor-version":[{"id":2768,"href":"https:\/\/ptbf.pl\/index.php?rest_route=\/wp\/v2\/pages\/41\/revisions\/2768"}],"wp:attachment":[{"href":"https:\/\/ptbf.pl\/index.php?rest_route=%2Fwp%2Fv2%2Fmedia&parent=41"}],"curies":[{"name":"wp","href":"https:\/\/api.w.org\/{rel}","templated":true}]}}