{"id":43,"date":"2011-11-22T14:57:02","date_gmt":"2011-11-22T14:57:02","guid":{"rendered":"http:\/\/ptbf.sggw.pl\/?page_id=43"},"modified":"2026-03-18T10:41:49","modified_gmt":"2026-03-18T10:41:49","slug":"zarzad-glowny","status":"publish","type":"page","link":"https:\/\/ptbf.pl\/?page_id=43","title":{"rendered":"Zarz\u0105d G\u0142\u00f3wny"},"content":{"rendered":"<h2>PREZES<\/h2>\n<p><strong>dr hab. Kamila \u015aroda-Pomianek, prof. UMW<\/strong><br \/>\nKatedra i Zak\u0142ad Biofizyki i Neurobiologii<br \/>\nUniwersytet Medyczny im. Piast\u00f3w \u015al\u0105skich<br \/>\nul. Cha\u0142ubi\u0144skiego 3A, 50-368 Wroc\u0142aw<br \/>\ne-mail: kamila.sroda-pomianek@umw.edu.pl<br \/>\ne-mail:&nbsp;<\/p>\n<h2>WICEPREZES<\/h2>\n<p><strong>Dr hab. Olga Weso\u0142owska, prof. UMW<\/strong><br \/>\nKatedra i Zak\u0142ad Biofizyki i Neurobiologii<br \/>\nUniwersytet Medyczny im. Piast\u00f3w \u015al\u0105skich<br \/>\nul. Cha\u0142ubi\u0144skiego 3A, 50-368 Wroc\u0142aw<br \/>\ne-mail: olga.wesolowska@umw.edu.pl<\/p>\n<h2>SEKRETARZ<\/h2>\n<p><strong>Dr hab. Joanna Grzyb, prof. UW<\/strong><br \/>\nZak\u0142ad Biofizyki, Wydzia\u0142 Biotechnologii<br \/>\nUniwersytet Wroc\u0142awski<br \/>\nul. F. Joliot-Curie 14a, 50-383 Wroc\u0142aw<br \/>\ne-mail: joanna.grzyb@uwr.edu.pl<\/p>\n<h2>SKARBNIK<\/h2>\n<p><strong>Dr Anna Palko-\u0141abuz, prof. UMW<\/strong><br \/>\nKatedra i Zak\u0142ad Biofizyki i Neurobiologii<br \/>\nUniwersytet Medyczny im. Piast\u00f3w \u015al\u0105skich<br \/>\nul. Cha\u0142ubi\u0144skiego 3A, 50-368 Wroc\u0142aw<br \/>\ne-mail: anna.palko-labuz@umw.edu.pl<\/p>\n<h2>CZ\u0141ONKOWIE ZARZ\u0104DU<\/h2>\n<p><strong>Prof. dr hab. Piotr Bednarczyk<br \/>\n<\/strong>Katedra Fizyki i Biofizyki, Szko\u0142a G\u0142\u00f3wna Gospodarstwa Wiejskiego w Warszawie<br \/>\ne-mail: piotr_bednarczyk@sggw.edu.pl<\/p>\n<p><strong>Dr hab. Anna Marcinkowska-Gapi\u0144ska &nbsp;&nbsp;&nbsp;&nbsp;&nbsp;&nbsp;&nbsp;&nbsp;&nbsp;&nbsp;<\/strong><br \/>\nKatedra Biofizyki, Uniwersytet Medyczny im. Karola Marcinkowskiego w Poznaniu<br \/>\ne-mail: margap@ump.edu.pl<\/p>\n<p><strong>Dr Justyna Strankowska<\/strong><br \/>\nInstytut Fizyki Do\u015bwiadczalnej, Uniwersytet Gda\u0144ski<br \/>\ne-mail: justyna.strankowska@ug.edu.pl<\/p>\n<h2><strong>CZ\u0141ONKOWIE KOMISJI REWIZYJNEJ<\/strong><\/h2>\n<p><strong>Dr hab. Maciej Maciejczyk, prof. UWM&nbsp; &nbsp; &nbsp;&nbsp;<\/strong><br \/>\nKatedra Fizyki i Biofizyki, Uniwersytet Warmi\u0144sko-Mazurski w Olsztynie<br \/>\ne-mail: maciej.maciejczyk@uwm.edu.pl<\/p>\n<p><strong>Dr hab. Katarzyna Mi\u0142owska, prof. U\u0141<\/strong><br \/>\nKatedra Biofizyki Og\u00f3lnej, Uniwersytet \u0141\u00f3dzki<br \/>\ne-mail:&nbsp;katarzyna.milowska@biol.uni.lodz.pl<\/p>\n<p><strong>Dr hab. Marta Pacia<\/strong><br \/>\nJagiello\u0144skie Centrum Rozwoju Lek\u00f3w, Uniwersytet Jagiello\u0144ski w Krakowie<br \/>\ne-mail: marta.pacia@jcet.eu<\/p>\n<h2><strong>S\u0104D KOLE\u017bE\u0143SKI<\/strong><\/h2>\n<p><strong>Dr Grzegorz Go\u0142u\u0144ski<\/strong><br \/>\nInstytut Biotechnologii, Uniwersytet Gda\u0144ski<br \/>\ne-mail: grzegorz.golunski@ug.edu.pl<\/p>\n<p><strong>Dr hab. Paulina Sici\u0144ska&nbsp;<\/strong><br \/>\nKatedra Biofizyki i Ska\u017ce\u0144 \u015arodowiska, Uniwersytet \u0141\u00f3dzki<br \/>\ne-mail: paulina.sicinska@biol.uni.lodz.pl<\/p>\n<p><strong>Dr Kamila Maliszewska-Olejniczak<\/strong><br \/>\nKatedra Fizyki i Biofizyki, Szko\u0142a G\u0142\u00f3wna Gospodarstwa Wiejskiego w Warszawie<br \/>\ne-mail: kamila_maliszewska-olejniczak@sggw.edu.pl<\/p>\n","protected":false},"excerpt":{"rendered":"<a href=\"https:\/\/ptbf.pl\/?page_id=43\"><img loading=\"lazy\" decoding=\"async\" width=\"150\" height=\"150\" src=\"http:\/\/ptbf.pl\/wp-content\/plugins\/thumbnail-for-excerpts\/tfe_no_thumb.png\" class=\"alignleft wp-post-image tfe\" alt=\"\" title=\"\" \/><\/a><p>PREZES dr hab. Kamila \u015aroda-Pomianek, prof. UMW Katedra i Zak\u0142ad Biofizyki i Neurobiologii Uniwersytet Medyczny im. Piast\u00f3w \u015al\u0105skich ul. Cha\u0142ubi\u0144skiego 3A, 50-368 Wroc\u0142aw e-mail: kamila.sroda-pomianek@umw.edu.pl e-mail:&nbsp; WICEPREZES Dr hab. Olga Weso\u0142owska, prof. UMW Katedra i Zak\u0142ad Biofizyki i Neurobiologii Uniwersytet &hellip; <a href=\"https:\/\/ptbf.pl\/?page_id=43\">Czytaj dalej <span class=\"meta-nav\">&rarr;<\/span><\/a><\/p>\n","protected":false},"author":2,"featured_media":0,"parent":0,"menu_order":2,"comment_status":"closed","ping_status":"closed","template":"","meta":{"ngg_post_thumbnail":0,"footnotes":"","_links_to":"","_links_to_target":""},"class_list":["post-43","page","type-page","status-publish","hentry"],"_links":{"self":[{"href":"https:\/\/ptbf.pl\/index.php?rest_route=\/wp\/v2\/pages\/43","targetHints":{"allow":["GET"]}}],"collection":[{"href":"https:\/\/ptbf.pl\/index.php?rest_route=\/wp\/v2\/pages"}],"about":[{"href":"https:\/\/ptbf.pl\/index.php?rest_route=\/wp\/v2\/types\/page"}],"author":[{"embeddable":true,"href":"https:\/\/ptbf.pl\/index.php?rest_route=\/wp\/v2\/users\/2"}],"replies":[{"embeddable":true,"href":"https:\/\/ptbf.pl\/index.php?rest_route=%2Fwp%2Fv2%2Fcomments&post=43"}],"version-history":[{"count":17,"href":"https:\/\/ptbf.pl\/index.php?rest_route=\/wp\/v2\/pages\/43\/revisions"}],"predecessor-version":[{"id":2848,"href":"https:\/\/ptbf.pl\/index.php?rest_route=\/wp\/v2\/pages\/43\/revisions\/2848"}],"wp:attachment":[{"href":"https:\/\/ptbf.pl\/index.php?rest_route=%2Fwp%2Fv2%2Fmedia&parent=43"}],"curies":[{"name":"wp","href":"https:\/\/api.w.org\/{rel}","templated":true}]}}