{"id":45,"date":"2011-11-22T14:58:14","date_gmt":"2011-11-22T14:58:14","guid":{"rendered":"http:\/\/ptbf.sggw.pl\/?page_id=45"},"modified":"2026-03-13T13:18:32","modified_gmt":"2026-03-13T13:18:32","slug":"oddzialy","status":"publish","type":"page","link":"https:\/\/ptbf.pl\/?page_id=45","title":{"rendered":"Oddzia\u0142y"},"content":{"rendered":"<h2>ODDZIA\u0141 BIA\u0141YSTOK<\/h2>\n<h2><a href=\"http:\/\/ptbf.pl\/?page_id=772\">ODDZIA\u0141 GDA\u0143SK<\/a><\/h2>\n<p><strong>Kontakt<\/strong><br \/>\nPolskie Towarzystwo Biofizyczne Oddzia\u0142 w Gda\u0144sku<br \/>\nUniwersytet Gda\u0144ski<br \/>\n<a href=\" http:\/\/mfi.ug.edu.pl\">Wydzia\u0142 Matematyki, Fizyki i Informatyki<\/a><br \/>\nInstytut Fizyki Do\u015bwiadczalnej<br \/>\nul. Wita Stwosza 57, 80-308 Gda\u0144sk<br \/>\nTel.: +48 58 523 22 49<br \/>\ne-mail: j.strankowska@ug.edu.pl<\/p>\n<h2><a href=\"http:\/\/ptbf.pl\/?page_id=608\">ODDZIA\u0141 KIELCE<\/a><\/h2>\n<p><strong>Kontakt<\/strong><\/p>\n<p>Polskie Towarzystwo Biofizyczne Oddzia\u0142 w Kielcach<br \/>\nInstytut Biologii, Zak\u0142ad Biologii Medycznej<br \/>\n<a href=\"https:\/\/wmp.ujk.edu.pl\/\">Wydzia\u0142 Nauk \u015acis\u0142ych i Przyrodniczych<\/a><br \/>\nUniwersytet Jana Kochanowskiego w Kielcach<br \/>\nul. Uniwersytecka 7, 25-406 Kielce<\/p>\n<h2><a href=\"https:\/\/ptbf.pl\/?page_id=2278\">ODDZIA\u0141 KRAK\u00d3W<\/a><\/h2>\n<p><strong>Kontakt<\/strong><\/p>\n<p>Polskie Towarzystwo Biofizyczne Oddzia\u0142 w Krakowie<br \/>\nInstytut Fizyki J\u0105drowej im. Henryka Niewodnicza\u0144skiego Polskiej Akademii Nauk<br \/>\nZak\u0142ad Bada\u0144 Mikrouk\u0142ad\u00f3w Biofizycznych<br \/>\ne-mail: krakow@ptbf.pl<br \/>\ne-mail: malgorzata.lekka@ifj.edu.pl<\/p>\n<h2><a href=\"\/?page_id=144\">ODDZIA\u0141 LUBLIN<\/a><\/h2>\n<p><strong>Kontakt<\/strong><\/p>\n<p>Polskie Towarzystwo Biofizyczne Oddzia\u0142 w Lublinie<br \/>\nZak\u0142ad Biofizyki, Wydzia\u0142 Nauk Medycznych<br \/>\nUniwersytet Medyczny w Lublinie<br \/>\nul. Kazimierza Jaczewskiego 4, 20-400 Lublin<br \/>\nemail: justyna.widomska@umlub.pl<br \/>\ntel. +48 81 448 63 33<\/p>\n<h2><a href=\"http:\/\/ptbf.pl\/?page_id=1047\">ODDZIA\u0141 \u0141\u00d3D\u0179<\/a><\/h2>\n<p>Polskie Towarzystwo Biofizyczne Oddzia\u0142 w \u0141odzi<br \/>\nInstytut Biofizyki, Wydzia\u0142 Biologii i Ochrony \u015arodowiska<br \/>\nUniwersytetu \u0141\u00f3dzkiego<br \/>\nul. Pomorska 141\/143, 90-236 \u0141\u00f3d\u017a<br \/>\ne-mail: katarzyna.milowska@biol.uni.lodz.pl, tel.: +4842&nbsp;635 44 78<\/p>\n<h2><a href=\"http:\/\/ptbf.pl\/?page_id=667\">ODDZIA\u0141 OLSZTYN<\/a><\/h2>\n<p><strong>Kontakt<\/strong><\/p>\n<p>Polskie Towarzystwo Biofizyczne Oddzia\u0142 w Olsztynie<br \/>\nUniwersytet Warmi\u0144sko-Mazurski<br \/>\n<a href=\"http:\/\/www.uwm.edu.pl\/kfib\">Katedra Fizyki i Biofizyki<br \/>\n<\/a>ul. Micha\u0142a Oczapowskiego 4, 10-719 Olsztyn<br \/>\ntel.: +4889 523 32 34<br \/>\ne-mail: maciej.maciejczyk@uwm.edu.pl<\/p>\n<h2><a href=\"http:\/\/ptbfpoznan.ump.edu.pl\" target=\"_blank\" rel=\"noopener noreferrer\">ODDZIA\u0141 POZNA\u0143<\/a><\/h2>\n<p><strong>Kontakt<\/strong><\/p>\n<p>Polskie Towarzystwo Biofizyczne Oddzia\u0142 w Poznaniu<br \/>\nKatedra Biofizyki<br \/>\nUniwersytet Medyczny im. Karola Marcinkowskiego<br \/>\nul. Fredry 10, 61-701 Pozna\u0144<br \/>\ne-mail: margap@ump.edu.pl,<br \/>\ntel.: +4861 854 66 93, fax: +4861 854 66 89<\/p>\n<h2>ODDZIA\u0141 RADOM<\/h2>\n<p>Polskie Towarzystwo Biofizyczne Oddzia\u0142 w Radomiu<br \/>\nKatedra Podstawowych Nauk medycznych, Uniwersytet Radomski&nbsp;<br \/>\nemail: k.ciepluch@urad.edu.pl<\/p>\n<h2><a href=\"https:\/\/ptbf.pl\/?page_id=2806&amp;preview=true\">ODDZIA\u0141 WROC\u0141AW<\/a><\/h2>\n<p><strong>Kontakt<\/strong><\/p>\n<p>Polskie Towarzystwo Biofizyczne Oddzia\u0142 we Wroc\u0142awiu<br \/>\nKatedra Fizyki i Biofizyki<br \/>\nUniwersytet Przyrodniczy we Wroc\u0142awiu<br \/>\nNorwida 25, 50-375 Wroc\u0142aw<br \/>\ne-mail: sylwia.cyboran@upwr.edu.pl , tel.: +48 320 52 75<\/p>\n<h2><a href=\"\/?page_id=47\">ODDZIA\u0141 WARSZAWA<\/a><\/h2>\n<p><strong>Kontakt<\/strong><\/p>\n<p>Polskie Towarzystwo Biofizyczne Oddzia\u0142 w Warszawie<br \/>\n<a href=\"https:\/\/ib.sggw.edu.pl\/instytut-biologii\/struktura\/katedra-fizyki-i-biofizyki\/\">Katedra Fizyki i Biofizyki<\/a><br \/>\nSzko\u0142a G\u0142\u00f3wna Gospodarstwa Wiejskiego w Warszawie<br \/>\nul. Nowoursynowska 159, bud. 34, pok. 74, 02-776 Warszawa<br \/>\ne-mail: piotr_bednarczyk@sggw.edu.pl, tel., +4822 593 86 20<\/p>\n<h2>ODDZIA\u0141 \u015aL\u0104SKI<\/h2>\n<p>do aktualizacji<\/p>\n","protected":false},"excerpt":{"rendered":"<a href=\"https:\/\/ptbf.pl\/?page_id=45\"><img loading=\"lazy\" decoding=\"async\" width=\"150\" height=\"150\" src=\"http:\/\/ptbf.pl\/wp-content\/plugins\/thumbnail-for-excerpts\/tfe_no_thumb.png\" class=\"alignleft wp-post-image tfe\" alt=\"\" title=\"\" \/><\/a><p>ODDZIA\u0141 BIA\u0141YSTOK ODDZIA\u0141 GDA\u0143SK Kontakt Polskie Towarzystwo Biofizyczne Oddzia\u0142 w Gda\u0144sku Uniwersytet Gda\u0144ski Wydzia\u0142 Matematyki, Fizyki i Informatyki Instytut Fizyki Do\u015bwiadczalnej ul. Wita Stwosza 57, 80-308 Gda\u0144sk Tel.: +48 58 523 22 49 e-mail: j.strankowska@ug.edu.pl ODDZIA\u0141 KIELCE Kontakt Polskie Towarzystwo &hellip; <a href=\"https:\/\/ptbf.pl\/?page_id=45\">Czytaj dalej <span class=\"meta-nav\">&rarr;<\/span><\/a><\/p>\n","protected":false},"author":2,"featured_media":0,"parent":0,"menu_order":3,"comment_status":"closed","ping_status":"closed","template":"","meta":{"ngg_post_thumbnail":0,"footnotes":"","_links_to":"","_links_to_target":""},"class_list":["post-45","page","type-page","status-publish","hentry"],"_links":{"self":[{"href":"https:\/\/ptbf.pl\/index.php?rest_route=\/wp\/v2\/pages\/45","targetHints":{"allow":["GET"]}}],"collection":[{"href":"https:\/\/ptbf.pl\/index.php?rest_route=\/wp\/v2\/pages"}],"about":[{"href":"https:\/\/ptbf.pl\/index.php?rest_route=\/wp\/v2\/types\/page"}],"author":[{"embeddable":true,"href":"https:\/\/ptbf.pl\/index.php?rest_route=\/wp\/v2\/users\/2"}],"replies":[{"embeddable":true,"href":"https:\/\/ptbf.pl\/index.php?rest_route=%2Fwp%2Fv2%2Fcomments&post=45"}],"version-history":[{"count":25,"href":"https:\/\/ptbf.pl\/index.php?rest_route=\/wp\/v2\/pages\/45\/revisions"}],"predecessor-version":[{"id":2841,"href":"https:\/\/ptbf.pl\/index.php?rest_route=\/wp\/v2\/pages\/45\/revisions\/2841"}],"wp:attachment":[{"href":"https:\/\/ptbf.pl\/index.php?rest_route=%2Fwp%2Fv2%2Fmedia&parent=45"}],"curies":[{"name":"wp","href":"https:\/\/api.w.org\/{rel}","templated":true}]}}