{"id":47,"date":"2011-11-22T14:59:22","date_gmt":"2011-11-22T14:59:22","guid":{"rendered":"http:\/\/ptbf.sggw.pl\/?page_id=47"},"modified":"2026-02-05T12:22:51","modified_gmt":"2026-02-05T12:22:51","slug":"oddzial-warszawa","status":"publish","type":"page","link":"https:\/\/ptbf.pl\/?page_id=47","title":{"rendered":"Oddzia\u0142 Warszawa"},"content":{"rendered":"<h3><strong>Kontakt<\/strong><br \/>\nPolskie Towarzystwo Biofizyczne Oddzia\u0142 w Warszawie<br \/>\nSzko\u0142a G\u0142\u00f3wna Gospodarstwa Wiejskiego w Warszawie<br \/>\n<a href=\"https:\/\/ib.sggw.edu.pl\/instytut-biologii\/struktura\/katedra-fizyki-i-biofizyki\/\">Katedra Fizyki i Biofizyki<\/a><br \/>\nul. Nowoursynowska 159, 02-776 Warszawa<br \/>\ne-mail: piotr_bednarczyk@sggw.edu.pl<br \/>\ntel., +4822 59<span data-olk-copy-source=\"MailCompose\">3 86 20<\/span><\/h3>\n<h3><strong>Sk\u0142ad Zarz\u0105du Warszawskiego Oddzia\u0142u PTBF (kadencja 2026-2028):<\/strong><\/h3>\n<p><strong>Przewodnicz\u0105cy<\/strong><br \/>\nProf. dr hab. Piotr Bednarczyk<br \/>\npiotr_bednarczyk@sggw.edu.pl<\/p>\n<p><strong>Wiceprzewodnicz\u0105cy<\/strong><br \/>\nDr hab. Beata Wielgus-Kutrowska, prof. UW<br \/>\nbeata.wielgus-kutrowska@fuw.edu.pl<\/p>\n<p><strong>Sekretarz<\/strong><br \/>\nDr Kamila Maliszewska-Olejniczak<br \/>\nkamila_maliszewska-olejniczak@sggw.edu.pl<\/p>\n<p><strong>Skarbnik<br \/>\n<\/strong>Dr Beata Dworakowska<br \/>\nbeata_dworakowska@sggw.edu.pl<\/p>\n<p><strong>Sk\u0142ad Komisji Rewizyjnej<br \/>\n<\/strong>Dr hab. Anna Niedzwiecka, prof. IF PAN (przewodnicz\u0105ca)<strong><br \/>\n<\/strong>Dr \u0141ukasz Mioduszewski<br \/>\nDr Joanna Krasowska<\/p>\n<h3><strong>Sk\u0142ad Zarz\u0105du Warszawskiego Oddzia\u0142u PTBF (kadencja 2020-2025):<\/strong><\/h3>\n<p><strong>Przewodnicz\u0105cy<\/strong><br \/>\nDr hab. S\u0142awomir Jakie\u0142a, KFB SGGW<br \/>\nslawomir_jakiela@sggw.edu.pl<\/p>\n<p><strong>Wiceprzewodnicz\u0105cy<\/strong><br \/>\nProf. dr hab. Jan Antosiewicz, UW<br \/>\nJan.Antosiewicz@fuw.edu.pl<\/p>\n<p><strong>Sekretarz<\/strong><br \/>\nDr Agnieszka \u0141ukasiak, KFB SGGW<br \/>\nagnieszka_lukasiak@sggw.edu.pl<\/p>\n<p><strong>Skarbnik<br \/>\n<\/strong>Dr in\u017c. Miros\u0142aw Zaj\u0105c, KFB SGGW<br \/>\nmiroslaw_zajac@sggw.edu.pl<\/p>\n<p><strong>Sk\u0142ad Komisji Rewizyjnej<br \/>\n<\/strong>Dr Miros\u0142aw Dolata, KFB SGGW<strong><br \/>\n<\/strong>Dr hab. Anna Niedzwiecka, IF PAN<br \/>\nDr Katarzyna Gieczewska, UW<\/p>\n<p>Wszystkie osoby pragn\u0105ce wst\u0105pi\u0107 w szeregi Warszawskiego Oddzia\u0142u PTBF&nbsp;&nbsp; proszone s\u0105 o kontakt e-mail: slawomir_jakiela@sggw.pl<strong><br \/>\n<\/strong><\/p>\n<h3><strong>Sk\u0142ad Zarz\u0105du w Kadencji (2014-2016, 2017-2019):<\/strong><\/h3>\n<p><strong>Przewodnicz\u0105cy<\/strong><br \/>\nDr hab. Piotr Bednarczyk, KFB SGGW<br \/>\npiotr_bednarczyk@sggw.edu.pl<\/p>\n<p><strong>Wiceprzewodnicz\u0105cy<\/strong><br \/>\nDr Agnieszka \u0141ukasiak, KFB SGGW<br \/>\nagnieszka_lukasiak@sggw.edu.pl<\/p>\n<p><strong>Sekretarz<\/strong><br \/>\nDr hab. Magdalena Stobiecka, KFB SGGW<br \/>\nmagdalena_stobiecka@sggw.edu.pl<\/p>\n<p><strong>Skarbnik<br \/>\n<\/strong>Dr Beata Dworakowska, KFB SGGW<br \/>\nbeata_dworakowska@sggw.edu.pl<\/p>\n<p><strong>Sk\u0142ad Komisji Rewizyjnej<br \/>\n<\/strong>Dr Renata Toczy\u0142owska-Mami\u0144ska, KFB SGGW<strong><br \/>\n<\/strong>Dr hab. Anna Niedzwiecka, IF PAN<br \/>\nDr Anna Wypijewska del Nogal, Chalmers University of Technology, Goteborg, Szwecja<\/p>\n<p>&nbsp;<\/p>\n<h3>W dniu 24 listopada 2011 roku z inicjatywy Zarz\u0105du G\u0142\u00f3wnego PTBF utworzono Warszawski Oddzia\u0142 Polskiego Towarzystwa Biofizycznego.<\/h3>\n","protected":false},"excerpt":{"rendered":"<a href=\"https:\/\/ptbf.pl\/?page_id=47\"><img loading=\"lazy\" decoding=\"async\" width=\"150\" height=\"150\" src=\"http:\/\/ptbf.pl\/wp-content\/plugins\/thumbnail-for-excerpts\/tfe_no_thumb.png\" class=\"alignleft wp-post-image tfe\" alt=\"\" title=\"\" \/><\/a><p>Kontakt Polskie Towarzystwo Biofizyczne Oddzia\u0142 w Warszawie Szko\u0142a G\u0142\u00f3wna Gospodarstwa Wiejskiego w Warszawie Katedra Fizyki i Biofizyki ul. Nowoursynowska 159, 02-776 Warszawa e-mail: piotr_bednarczyk@sggw.edu.pl tel., +4822 593 86 20 Sk\u0142ad Zarz\u0105du Warszawskiego Oddzia\u0142u PTBF (kadencja 2026-2028): Przewodnicz\u0105cy Prof. dr hab. &hellip; <a href=\"https:\/\/ptbf.pl\/?page_id=47\">Czytaj dalej <span class=\"meta-nav\">&rarr;<\/span><\/a><\/p>\n","protected":false},"author":2,"featured_media":0,"parent":45,"menu_order":0,"comment_status":"closed","ping_status":"closed","template":"","meta":{"ngg_post_thumbnail":0,"footnotes":"","_links_to":"","_links_to_target":""},"class_list":["post-47","page","type-page","status-publish","hentry"],"_links":{"self":[{"href":"https:\/\/ptbf.pl\/index.php?rest_route=\/wp\/v2\/pages\/47","targetHints":{"allow":["GET"]}}],"collection":[{"href":"https:\/\/ptbf.pl\/index.php?rest_route=\/wp\/v2\/pages"}],"about":[{"href":"https:\/\/ptbf.pl\/index.php?rest_route=\/wp\/v2\/types\/page"}],"author":[{"embeddable":true,"href":"https:\/\/ptbf.pl\/index.php?rest_route=\/wp\/v2\/users\/2"}],"replies":[{"embeddable":true,"href":"https:\/\/ptbf.pl\/index.php?rest_route=%2Fwp%2Fv2%2Fcomments&post=47"}],"version-history":[{"count":19,"href":"https:\/\/ptbf.pl\/index.php?rest_route=\/wp\/v2\/pages\/47\/revisions"}],"predecessor-version":[{"id":2767,"href":"https:\/\/ptbf.pl\/index.php?rest_route=\/wp\/v2\/pages\/47\/revisions\/2767"}],"up":[{"embeddable":true,"href":"https:\/\/ptbf.pl\/index.php?rest_route=\/wp\/v2\/pages\/45"}],"wp:attachment":[{"href":"https:\/\/ptbf.pl\/index.php?rest_route=%2Fwp%2Fv2%2Fmedia&parent=47"}],"curies":[{"name":"wp","href":"https:\/\/api.w.org\/{rel}","templated":true}]}}