{"id":53,"date":"2011-11-22T15:01:31","date_gmt":"2011-11-22T15:01:31","guid":{"rendered":"http:\/\/ptbf.sggw.pl\/?page_id=53"},"modified":"2026-02-05T14:24:59","modified_gmt":"2026-02-05T14:24:59","slug":"zjazdy","status":"publish","type":"page","link":"https:\/\/ptbf.pl\/?page_id=53","title":{"rendered":"Zjazdy"},"content":{"rendered":"<h3><a href=\"https:\/\/19congress.ptbf.pl\/\">XIX Zjazd PTBF, Warszawa 2025<\/a> (<a href=\"https:\/\/19congress.ptbf.pl\/gallery\/\">zdj\u0119cia<\/a>, <a href=\"https:\/\/ctbo.web.amu.edu.pl\/current-issue\/\">abstrakty<\/a>, <a href=\"https:\/\/ptbf.pl\/?p=2377\">sprawozdanie<\/a>)<\/h3>\n<h3><a href=\"https:\/\/18zjazd.ptbf.pl\/\">XVIII Zjazd PTBF, Warszawa 2022<\/a> (<a href=\"https:\/\/ptbf.pl\/?page_id=1885\">zdj\u0119cia<\/a>, <a href=\"http:\/\/ptbf.pl\/wp-content\/uploads\/2025\/02\/1_Abstracts-of-the-XVIII-Congres-of-the-PTBF.pdf\">abstrakty<\/a>, <a href=\"https:\/\/ptbf.pl\/?p=1887\">sprawozdanie<\/a>)<\/h3>\n<h3><a href=\"http:\/\/17zjazd.ptbf.pl\/\">XVI Zjazd PTBF, Olsztyn 2019<\/a><\/h3>\n<h3><a href=\"http:\/\/16zjazd.ptbf.pl\/\">XVI Zjazd PTBF, Ryn 2016<\/a><\/h3>\n<p><a href=\"http:\/\/15zjazd.ptbf.pl\/\">XV Zjazd PTBF, Na\u0142\u0119cz\u00f3w 2013<\/a><\/p>\n<p>XIV Zjazd PTBF, \u0141\u00f3d\u017a 2010<\/p>\n<p>XIII Zjazd PTBF, \u0141\u00f3d\u017a 2007<\/p>\n<p>XII Zjazd PTBF, Wroc\u0142aw 2004 (<a href=\"https:\/\/ptbf.pl\/?page_id=260\">zdj\u0119cia<\/a>, abstrakty: <a href=\"http:\/\/ctbo.home.amu.edu.pl\/issue28s\/files\/Abstract-v281_17(suppl%20A).pdf\">postery<\/a>, <a href=\"http:\/\/ctbo.home.amu.edu.pl\/issue28s\/files\/Abstract-v281_5(suppl%20A).pdf\">plenary lectures<\/a>)<\/p>\n<p>XI Zjazd PTBF, Cieszyn 2001 (<a href=\"http:\/\/biofizyka.umcs.lublin.pl\/pagespl\/cieszyn.htm\">zdj\u0119cia<\/a>)<\/p>\n<p>X Zjazd PTBF, Lublin 1998<\/p>\n<p>IX Zjazd PTBF, \u0141\u00f3d\u017a 1995<\/p>\n<p>VIII Zjazd PTBF, Krak\u00f3w 1992<\/p>\n<p>VII Zjazd PTBF, \u0141\u00f3d\u017a 1989<\/p>\n<p>VI&nbsp; Zjazd PTBF, Szczecin 1986 (<a href=\"\/wp-content\/uploads\/2011\/11\/v13_161.pdf\">sprawozdanie<\/a>)<\/p>\n<p>V&nbsp; Zjazd PTBF, Wroc\u0142aw-Ksi\u0105\u017c 1983 (<a href=\"\/wp-content\/uploads\/2011\/11\/v10_215.pdf\">sprawozdanie<\/a>)<\/p>\n<p>IV Zjazd PTBF, Kozubnik 1979 (<a href=\"\/wp-content\/uploads\/2011\/11\/v6_271.pdf\">sprawozdanie<\/a>)<\/p>\n<p>II Zjazd PTBF, Uniej\u00f3w 1976<\/p>\n<p>I Zjazd PTBF, Uniej\u00f3w 1973<\/p>\n","protected":false},"excerpt":{"rendered":"<a href=\"https:\/\/ptbf.pl\/?page_id=53\"><img loading=\"lazy\" decoding=\"async\" width=\"150\" height=\"150\" src=\"http:\/\/ptbf.pl\/wp-content\/plugins\/thumbnail-for-excerpts\/tfe_no_thumb.png\" class=\"alignleft wp-post-image tfe\" alt=\"\" title=\"\" \/><\/a><p>XIX Zjazd PTBF, Warszawa 2025 (zdj\u0119cia, abstrakty, sprawozdanie) XVIII Zjazd PTBF, Warszawa 2022 (zdj\u0119cia, abstrakty, sprawozdanie) XVI Zjazd PTBF, Olsztyn 2019 XVI Zjazd PTBF, Ryn 2016 XV Zjazd PTBF, Na\u0142\u0119cz\u00f3w 2013 XIV Zjazd PTBF, \u0141\u00f3d\u017a 2010 XIII Zjazd PTBF, \u0141\u00f3d\u017a &hellip; <a href=\"https:\/\/ptbf.pl\/?page_id=53\">Czytaj dalej <span class=\"meta-nav\">&rarr;<\/span><\/a><\/p>\n","protected":false},"author":2,"featured_media":0,"parent":0,"menu_order":4,"comment_status":"closed","ping_status":"closed","template":"","meta":{"ngg_post_thumbnail":0,"footnotes":"","_links_to":"","_links_to_target":""},"class_list":["post-53","page","type-page","status-publish","hentry"],"_links":{"self":[{"href":"https:\/\/ptbf.pl\/index.php?rest_route=\/wp\/v2\/pages\/53","targetHints":{"allow":["GET"]}}],"collection":[{"href":"https:\/\/ptbf.pl\/index.php?rest_route=\/wp\/v2\/pages"}],"about":[{"href":"https:\/\/ptbf.pl\/index.php?rest_route=\/wp\/v2\/types\/page"}],"author":[{"embeddable":true,"href":"https:\/\/ptbf.pl\/index.php?rest_route=\/wp\/v2\/users\/2"}],"replies":[{"embeddable":true,"href":"https:\/\/ptbf.pl\/index.php?rest_route=%2Fwp%2Fv2%2Fcomments&post=53"}],"version-history":[{"count":9,"href":"https:\/\/ptbf.pl\/index.php?rest_route=\/wp\/v2\/pages\/53\/revisions"}],"predecessor-version":[{"id":2780,"href":"https:\/\/ptbf.pl\/index.php?rest_route=\/wp\/v2\/pages\/53\/revisions\/2780"}],"wp:attachment":[{"href":"https:\/\/ptbf.pl\/index.php?rest_route=%2Fwp%2Fv2%2Fmedia&parent=53"}],"curies":[{"name":"wp","href":"https:\/\/api.w.org\/{rel}","templated":true}]}}