{"id":55,"date":"2011-11-22T15:02:04","date_gmt":"2011-11-22T15:02:04","guid":{"rendered":"http:\/\/ptbf.sggw.pl\/?page_id=55"},"modified":"2026-02-11T15:09:20","modified_gmt":"2026-02-11T15:09:20","slug":"biofizyka-w-polsce","status":"publish","type":"page","link":"https:\/\/ptbf.pl\/?page_id=55","title":{"rendered":"Biofizyka w Polsce"},"content":{"rendered":"<p><strong>BIOFIZYKA W POLSCE <\/strong>(alfabetycznie)<br \/>\nInformacje w sprawie zmian czy aktualizacji prosz\u0119 kierowa\u0107: piotr_bednarczyk@sggw.edu.pl<\/p>\n<p><strong>Bia\u0142ystok<\/strong><\/p>\n<p><strong>Uniwersytet Medyczny w Bia\u0142ymstoku<\/strong><\/p>\n<p>Jednostka: Zak\u0142ad Biofizyki<br \/>\nKierownik: dr hab. Beata Modzelewska<br \/>\n<a href=\"https:\/\/www.umb.edu.pl\/wl\/zaklad-biofizyki\">https:\/\/www.umb.edu.pl\/wl\/zaklad-biofizyki<\/a><\/p>\n<p><strong>Bydgoszcz<\/strong><\/p>\n<p><strong>Uniwersytet Miko\u0142aja Kopernika- Collegium Medicum<\/strong><\/p>\n<p>Jednostka: Katedra Biofizyki<br \/>\nKierownik: prof. dr hab. n. farm. Stefan Kruszewski<br \/>\n<a href=\"https:\/\/www.wf.cm.umk.pl\/katbiofiz\/\">https:\/\/www.wf.cm.umk.pl\/katbiofiz<\/a><\/p>\n<p><strong>Gda\u0144sk<\/strong><\/p>\n<p><strong>Gda\u0144ski Uniwersytet Medyczny<\/strong><\/p>\n<p>Jednostka: Katedra i Zak\u0142ad Fizyki i Biofizyki<br \/>\nKierownik: dr hab. Piotr Bogu\u015b<br \/>\n<a href=\"https:\/\/informator.gumed.edu.pl\/84\">https:\/\/informator.gumed.edu.pl\/84<\/a><\/p>\n<p><strong>Uniwersytet Gda\u0144ski<\/strong><\/p>\n<p>Jednostka: Pracownia Biofizyki<br \/>\nKierownik: dr hab. Jacek Piosik, prof. UG<br \/>\n<a href=\"https:\/\/biotech.ug.edu.pl\/dzialalnosc-naukowa\/zespoly-badawcze\/pracownia-biofizyki\">https:\/\/biotech.ug.edu.pl\/dzialalnosc-naukowa\/zespoly-badawcze\/pracownia-biofizyki<\/a><\/p>\n<p>Jednostka: Zak\u0142ad Biomateria\u0142\u00f3w i Fizyki Medycznej<br \/>\nKierownik: prof. dr hab. Piotr Bojarski<br \/>\n<a href=\"https:\/\/old.mfi.ug.edu.pl\/uniwersytet\/struktura_ug\/wydzial_matematyki_fizyki_i_informatyki\/instytut_fizyki_doswiadczalnej\/zaklad_biomaterialow_i_fizyki_medycznej\">https:\/\/old.mfi.ug.edu.pl\/uniwersytet\/struktura_ug\/wydzial_matematyki_fizyki_i_informatyki\/instytut_fizyki_doswiadczalnej\/zaklad_biomaterialow_i_fizyki_medycznej<\/a><\/p>\n<p><strong>Gliwice<\/strong><\/p>\n<p><strong>Narodowy Instytut Onkologii im. Marii Sk\u0142odowskiej-Curie \u2013 Pa\u0144stwowy Instytut Badawczy, Oddzia\u0142 w Gliwicach<\/strong><\/p>\n<p>Jednostka: Zak\u0142ad Fizyki Medycznej<br \/>\nKierownik: Prof. dr hab. n. med. Maria Sok\u00f3\u0142<br \/>\n<a href=\"https:\/\/gliwice.nio.gov.pl\/dla-pacjenta\/lecznictwo-i-diagnostyka\/lecznictwo\/zaklad-fizyki-medycznej\/\">https:\/\/gliwice.nio.gov.pl\/dla-pacjenta\/lecznictwo-i-diagnostyka\/lecznictwo\/zaklad-fizyki-medycznej\/<\/a><\/p>\n<p><strong>Katowice<\/strong><\/p>\n<p><strong>Uniwersytet \u015al\u0105ski<\/strong><\/p>\n<p>Jednostka: Zak\u0142ad Biofizyki i Morfogenezy Ro\u015blin<br \/>\nKierownik: Prof. dr hab. Dorota Kwiatkowska<br \/>\n<a href=\"https:\/\/us.edu.pl\/instytut\/ibbios\/zespol-biofizyki-i-morfogenezy-roslin\/\">https:\/\/us.edu.pl\/instytut\/ibbios\/zespol-biofizyki-i-morfogenezy-roslin\/<\/a><\/p>\n<p><strong>\u015al\u0105ski Uniwersytet Medyczny<\/strong><\/p>\n<p>Jednostka: Katedra i Zak\u0142ad Biofizyki Lekarskiej<br \/>\nKierownik: dr hab. n. med. i n. o zdr. Patrycja Dolibog<br \/>\n<a href=\"http:\/\/biofizyka.sum.edu.pl\/\">http:\/\/biofizyka.sum.edu.pl\/<\/a><\/p>\n<p><strong>Kielce<\/strong><\/p>\n<p><strong>Uniwersytet Jana Kochanowskiego w Kielcach<\/strong><\/p>\n<p>Jednostka: Zak\u0142ad Fizyki Medycznej i Biofizyki<br \/>\nKierownik: Prof. dr hab. Jacek Semaniak<br \/>\n<a href=\"https:\/\/fizyka.ujk.edu.pl\/zfmo\/\">https:\/\/fizyka.ujk.edu.pl\/zfmo\/<\/a><\/p>\n<p><strong>Krak\u00f3w <\/strong>(<a href=\"http:\/\/ptbf.pl\/wp-content\/uploads\/2025\/06\/opis-jednostek-OK-PTBF.pdf\">wi\u0119cej szczeg\u00f3\u0142\u00f3w<\/a>) Marta Pacia<\/p>\n<p><strong>Uniwersytet Jagiello\u0144ski<\/strong><\/p>\n<p>Jednostka: Zak\u0142ad Biofizyki<br \/>\nKierownik: dr hab. Anna Wi\u015bniewska- Becker<br \/>\n<a href=\"https:\/\/wbbib.uj.edu.pl\/wydzial\/zaklady-i-pracownie\/zaklad-biofizyki\">https:\/\/wbbib.uj.edu.pl\/wydzial\/zaklady-i-pracownie\/zaklad-biofizyki<\/a><\/p>\n<p>Jednostka: Zak\u0142ad Biofizyki Molekularnej i Mi\u0119dzyfazowej<br \/>\nKierownik: prof. dr hab. Andrzej Budkowski<br \/>\n<a href=\"https:\/\/biophysics.fais.uj.edu.pl\/\">https:\/\/biophysics.fais.uj.edu.pl\/<\/a><\/p>\n<p><strong>Instytut Fizyki J\u0105drowej, PAN<\/strong><\/p>\n<p>Jednostka: Zak\u0142ad Bada\u0144 Mikrouk\u0142ad\u00f3w Biofizycznych<br \/>\nKierownik: Prof. dr hab.&nbsp;Ma\u0142gorzata Lekka<br \/>\n<a href=\"https:\/\/www.ifj.edu.pl\/oddzialy\/no5\/nz55\/\">https:\/\/www.ifj.edu.pl\/oddzialy\/no5\/nz55\/<\/a><\/p>\n<p><strong>Lublin <\/strong>(<a href=\"http:\/\/ptbf.pl\/wp-content\/uploads\/2025\/06\/tematyka-badan-prowadzonych-w-jednostkach-OL-PTBF.pdf\">wi\u0119cej szczeg\u00f3\u0142\u00f3w<\/a>) Wojciech Grudzi\u0144ski<\/p>\n<p><strong>Uniwersytet Marii Curie-Sk\u0142odowskiej<\/strong><\/p>\n<p>Jednostka: Katedra Biofizyki, Instytut Fizyki<br \/>\nKierownik: Prof. dr hab. Wies\u0142aw Gruszecki<br \/>\n<a href=\"https:\/\/biofizyka.umcs.pl\">https:\/\/biofizyka.umcs.pl<\/a><\/p>\n<p><strong>Uniwersytet Marii Curie-Sk\u0142odowskiej<\/strong><\/p>\n<p>Jednostka: Katedra Fizjologii Ro\u015blin i Biofizyki<br \/>\nKierownik: dr hab. Agnieszka Hanaka, prof. UMCS<br \/>\n<a href=\"https:\/\/www.umcs.pl\/pl\/katedra-fizjologii-roslin-i-biofizyki,17802.htm\">https:\/\/www.umcs.pl\/pl\/katedra-fizjologii-roslin-i-biofizyki,17802.htm<\/a><\/p>\n<p><strong>Uniwersytet Medyczny w Lublinie<\/strong><\/p>\n<p>Jednostka: Zak\u0142ad Biofizyki, Katedra Nauk Podstawowych<br \/>\nKierownik: dr hab. n. med. Justyna Widomska, prof. UM<br \/>\n<a href=\"https:\/\/umlub.pl\/uczelnia\/struktura-organizacyjna\/szczegoly,872.html\">https:\/\/umlub.pl\/uczelnia\/struktura-organizacyjna\/szczegoly,872.html<\/a><\/p>\n<p><strong>Uniwersytet Przyrodniczy w Lublinie<\/strong><\/p>\n<p>Jednostka: Katedra Biofizyki<br \/>\nKierownik: Prof. dr hab. Bo\u017cena G\u0142adyszewska<br \/>\n<a href=\"https:\/\/up.lublin.pl\/srodowiskowa\/wydzial\/struktura-i-pracownicy\/biofizyka\/\">https:\/\/up.lublin.pl\/srodowiskowa\/wydzial\/struktura-i-pracownicy\/biofizyka\/<\/a><\/p>\n<p><strong>Instytut Agrofizyki (PAN)<\/strong><\/p>\n<p>Dyrektor: prof. dr hab. Cezary S\u0142awi\u0144ski, cz\u0142. koresp. PAN<br \/>\n<a href=\"https:\/\/www.ipan.lublin.pl\/\">https:\/\/www.ipan.lublin.pl\/<\/a><\/p>\n<p><strong>\u0141\u00f3d\u017a<\/strong><\/p>\n<p><strong>Uniwersytet \u0141\u00f3dzki <\/strong>(<a href=\"http:\/\/ptbf.pl\/wp-content\/uploads\/2025\/06\/opis-katedr-OL-PTBF.pdf\">wi\u0119cej szczeg\u00f3\u0142\u00f3w<\/a>) Katarzyna Mi\u0142owska<\/p>\n<p>Jednostka: Instytut Biofizyki<br \/>\nDyrektor: dr hab. Anita Krokosz<br \/>\n<a href=\"https:\/\/www.uni.lodz.pl\/wydzialy-i-jednostki-ul\/instytut-biofizyki\">https:\/\/www.uni.lodz.pl\/wydzialy-i-jednostki-ul\/instytut-biofizyki<\/a><\/p>\n<p><u><a href=\"https:\/\/www.uni.lodz.pl\/wydzialy-i-jednostki-ul\/katedra-biofizyki-medycznej\">Katedra Biofizyki Medycznej<\/a><br \/>\n<a href=\"https:\/\/www.uni.lodz.pl\/wydzialy-i-jednostki-ul\/katedra-biofizyki-ogolnej\">Katedra Biofizyki Og\u00f3lnej<\/a><br \/>\n<a href=\"https:\/\/www.uni.lodz.pl\/wydzialy-i-jednostki-ul\/katedra-biofizyki-skazen-srodowiska\">Katedra Biofizyki Ska\u017ce\u0144 \u015arodowiska<\/a><br \/>\n<a href=\"https:\/\/www.uni.lodz.pl\/wydzialy-i-jednostki-ul\/katedra-biologii-nowotworow-i-epigenetyki\">Katedra Biologii Nowotwor\u00f3w i Epigenetyki<\/a><\/u><\/p>\n<p><strong>Uniwersytet Medyczny w \u0141odzi<\/strong><\/p>\n<p>Jednostka: Katedra Biofizyki Molekularnej i Medycznej<br \/>\nKierownik: Prof. dr hab. n. med. Agnieszka Gajewska<br \/>\n<a href=\"https:\/\/www.uni.lodz.pl\/wydzialy-i-jednostki-ul\/katedra-biofizyki-medycznej\">https:\/\/www.uni.lodz.pl\/wydzialy-i-jednostki-ul\/katedra-biofizyki-medycznej<\/a><\/p>\n<p><strong>Olsztyn<\/strong><\/p>\n<p><strong>Uniwersytet Warmi\u0144sko- Mazurski<\/strong><\/p>\n<p>Jednostka: Katedra Fizyki i Biofizyki<br \/>\nKierownik: Prof. dr hab. Danuta Kruk<br \/>\n<a href=\"https:\/\/uwm.edu.pl\/wnz\/kfib\">https:\/\/uwm.edu.pl\/wnz\/kfib<\/a><\/p>\n<p><strong>Opole<\/strong><\/p>\n<p><strong>Uniwersytet Opolski<\/strong><\/p>\n<p>Jednostka: Katedra Fizyki Medycznej<br \/>\nKierownik: dr hab. Dariusz Man<br \/>\n<a href=\"https:\/\/if.wmfi.uni.opole.pl\/struktura\/\">https:\/\/if.wmfi.uni.opole.pl\/struktura\/<\/a><\/p>\n<p><strong>Pozna\u0144 <\/strong>(<a href=\"http:\/\/ptbf.pl\/wp-content\/uploads\/2025\/06\/opis-jednostek-OP-PTBF.pdf\">wi\u0119cej szczeg\u00f3\u0142\u00f3w<\/a>) Anna Marcinkowska-Gapi\u0144ska<\/p>\n<p><strong>Uniwersytet Medyczny im. Karola Marcinkowskiego<\/strong><\/p>\n<p>Jednostka: Katedra Biofizyki<br \/>\nKierownik: Prof. dr hab. Leszek Kubisz<br \/>\n<a href=\"https:\/\/biofizyka.ump.edu.pl\/\">https:\/\/biofizyka.ump.edu.pl\/<\/a><\/p>\n<p><strong>Uniwersytet Przyrodniczy w Poznaniu<\/strong><\/p>\n<p>Jednostka: Katedra Fizyki i Biofizyki<br \/>\nKierownik: <span data-olk-copy-source=\"MessageBody\">prof. dr hab. Hanna Baranowska<\/span><br \/>\n<a href=\"https:\/\/sparrow.up.poznan.pl\/kfb\/\">https:\/\/sparrow.up.poznan.pl\/kfb\/<\/a><\/p>\n<p><strong>Uniwersytet im. Adama Mickiewicza w Poznaniu<\/strong><\/p>\n<p>Jednostka: Zak\u0142ad Biofizyki Molekularnej<br \/>\nKierownik: prof. UAM dr hab. Jacek Gapi\u0144ski<br \/>\n<a href=\"https:\/\/amu.edu.pl\/uniwersytet\/wyszukiwarka-pracownikow\/jednostka?id=10000241\">https:\/\/amu.edu.pl\/uniwersytet\/wyszukiwarka-pracownikow\/jednostka?id=10000241<\/a><\/p>\n<p>Jednostka: Zak\u0142ad Fizyki Biomedycznej<br \/>\nKierownik: prof. dr hab. Maciej Kozak<br \/>\n<a href=\"https:\/\/amu.edu.pl\/uniwersytet\/wyszukiwarka-pracownikow\/jednostka?id=10000244\">https:\/\/amu.edu.pl\/uniwersytet\/wyszukiwarka-pracownikow\/jednostka?id=10000244<\/a><\/p>\n<p><strong>Rzesz\u00f3w<\/strong><\/p>\n<p><strong>Uniwersytet Rzeszowski<\/strong><\/p>\n<p>Jednostka: Katedra Bada\u0144 Biofizycznych i Strukturalnych<br \/>\nKierownik: dr hab. Pawe\u0142 Jakubczyk<br \/>\n<a href=\"https:\/\/www.ur.edu.pl\/pl\/wydzialy\/wydzial-nauk-scislych-i-technicznych\/jednostki-naukowe\/instytut-nauk-fizycznych\/katedra-badan-biofizycznych-i-strukturalnych\">https:\/\/www.ur.edu.pl\/pl\/wydzialy\/wydzial-nauk-scislych-i-technicznych\/jednostki-naukowe\/instytut-nauk-fizycznych\/katedra-badan-biofizycznych-i-strukturalnych<\/a><\/p>\n<p><strong>Szczecin<\/strong><\/p>\n<p><strong>Pomorski Uniwersytet Medyczny<\/strong><\/p>\n<p>Jednostka: Zak\u0142ad Fizyki Medycznej<br \/>\nKierownik: dr n. med. Karolina Jezierska<br \/>\n<a href=\"https:\/\/www.pum.edu.pl\/studenci\/informacje_z_jednostek\/wfbmiml\/zaklad_fizyki_medycznej\/\">https:\/\/www.pum.edu.pl\/studenci\/informacje_z_jednostek\/wfbmiml\/zaklad_fizyki_medycznej\/<\/a><\/p>\n<p><strong>Toru\u0144<\/strong><\/p>\n<p><strong>Uniwersytet Miko\u0142aja Kopernika<\/strong><\/p>\n<p>Jednostka: Zak\u0142ad Biofizyki<br \/>\nKierownik: Prof. Dr hab. Wies\u0142aw Nowak<br \/>\n<a href=\"https:\/\/www.ifiz.umk.pl\/instytut\/struktura\/kb\/\">https:\/\/www.ifiz.umk.pl\/instytut\/struktura\/kb\/<\/a><\/p>\n<p><strong>Warszawa<\/strong><\/p>\n<p><strong>Centrum Nowych Technologii, UW (CeNT)<br \/>\n<\/strong><a href=\"https:\/\/cent.uw.edu.pl\">https:\/\/cent.uw.edu.pl<\/a><\/p>\n<p>Laboratorium Chemii Biologicznej, prof. Jacek Jemielity<br \/>\nLaboratorium Maszyn Biomolekularnych, prof. Joanna Trylska<br \/>\nLaboratorium Genomiki Funkcjonalnej i Strukturalnej, prof. Dariusz Plewczy\u0144ski<br \/>\nInterdyscyplinarne Laboratorium Modelowania Uk\u0142ad\u00f3w Biologicznych, prof. Joanna Su\u0142kowska<br \/>\nLaboratorium Modelowania Biomolekularnego, dr hab. Piotr Setny<\/p>\n<p><strong>Instytut Biochemii i Biofizyki (PAN)<\/strong><\/p>\n<p>Dyrektor Instytutu: Prof. dr hab. Jaros\u0142aw Pozna\u0144ski<br \/>\n<a href=\"https:\/\/ibb.edu.pl\/\">https:\/\/ibb.edu.pl\/<\/a><\/p>\n<p><strong>Instytut Biologii Do\u015bwiadczalnej (PAN)<\/strong><\/p>\n<p>Jednostka: Pracownia Biofizyki Kom\u00f3rki<br \/>\nKierownik: Prof. dr hab. Jakub W\u0142odarczyk<br \/>\n<a href=\"https:\/\/nencki.edu.pl\/pl\/laboratories\/pracownia-biofizyki-komorki\/\">https:\/\/nencki.edu.pl\/pl\/laboratories\/pracownia-biofizyki-komorki\/<\/a><\/p>\n<p>Jednostka: Pracownia Wewn\u0105trzkom\u00f3rkowych Kana\u0142\u00f3w Jonowych<br \/>\nKierownik: prof. dr hab. Adam Szewczyk<br \/>\n<a href=\"https:\/\/infraredmito.nencki.edu.pl\/\">https:\/\/infraredmito.nencki.edu.pl\/<\/a><\/p>\n<p><strong>Mi\u0119dzynarodowy Instytut Biologii Molekularnej i Kom\u00f3rkowej<\/strong><\/p>\n<p>Jednostka: Pracownia Biofizyki i Bioanalityki (Core facility)<br \/>\nKierownik: prof. dr hab. Krzysztof Skowronek<br \/>\n<a href=\"https:\/\/core-facility.iimcb.gov.pl\/bbf\/\">https:\/\/core-facility.iimcb.gov.pl\/bbf\/<\/a><\/p>\n<p><strong>Centrum Nauk Biologiczno-Chemicznych, UW<\/strong><\/p>\n<p>Jednostka: Laboratorium Chemii Biofizycznej<br \/>\nKierownik prof. dr hab. Wojciech Dzwolak<br \/>\n<a href=\"https:\/\/cnbch.uw.edu.pl\/laboratorium-chemii-biofizycznej\/\">https:\/\/cnbch.uw.edu.pl\/laboratorium-chemii-biofizycznej\/<\/a><\/p>\n<p><strong>Instytut Fizyki (PAN)<\/strong><\/p>\n<p>Jednostka: Zesp\u00f3\u0142 Biofizyki Teoretycznej<br \/>\nKierownik: dr hab. Bartosz R\u00f3\u017cycki, prof. IF PAN<br \/>\n<a href=\"https:\/\/www.ifpan.edu.pl\/instytut-fizyki-pan\/oddzialy-naukowe\/oddzial-fizyki-teoretycznej\/on5-3-zespol-biofizyki-teoretycznej.html\" data-auth=\"NotApplicable\">https:\/\/www.ifpan.edu.pl\/instytut-fizyki-pan\/oddzialy-naukowe\/oddzial-fizyki-teoretycznej\/on5-3-zespol-biofizyki-teoretycznej.html<\/a><\/p>\n<p>Jednostka: \u015arodowiskowe Laboratorium Fizyki Biologicznej<br \/>\nKierownik: dr hab. Anna Nied\u017awiecka, prof. IF PAN<br \/>\n<a href=\"https:\/\/www.ifpan.edu.pl\/instytut-fizyki-pan\/oddzialy-naukowe\/srodowiskowe-laboratorium-fizyki-biologicznej.html\" data-auth=\"NotApplicable\">https:\/\/www.ifpan.edu.pl\/instytut-fizyki-pan\/oddzialy-naukowe\/srodowiskowe-laboratorium-fizyki-biologicznej.html<\/a><\/p>\n<p><strong>Uniwersytet Warszawski<\/strong><\/p>\n<p>Jednostka: Zak\u0142ad Biofizyki<br \/>\nKierownik: dr hab. Beata Wielgus- Kutrowska, prof. UW<br \/>\n<a href=\"http:\/\/www.biogeo.uw.edu.pl\/index_pl.html\">http:\/\/www.biogeo.uw.edu.pl\/index_pl.html<\/a><\/p>\n<p><strong>Szko\u0142a G\u0142\u00f3wna Gospodarstwa Wiejskiego<\/strong>&nbsp;<\/p>\n<p>Jednostka: Katedra Fizyki i Biofizyki<br \/>\nKierownik: Prof. dr hab. Piotr Bednarczyk<br \/>\n<a href=\"http:\/\/kfb.sggw.edu.pl\/\">http:\/\/kfb.sggw.edu.pl\/<\/a><\/p>\n<p><strong>Warszawski Uniwersytet Medyczny<\/strong><\/p>\n<p>Jednostka: Zak\u0142ad Biofizyki i Fizjologii Cz\u0142owieka<br \/>\nKierownik: Prof. dr hab. n. med. Dariusz Szukiewicz<br \/>\n<a href=\"https:\/\/biofizyka.wum.edu.pl\/\">https:\/\/biofizyka.wum.edu.pl\/<\/a><\/p>\n<p><strong>Wroc\u0142aw <\/strong>&nbsp;<span data-olk-copy-source=\"MessageBody\">Sylwia Cyboran-Miko\u0142ajczyk<\/span><\/p>\n<p><strong>Uniwersytet Medyczny im. Piast\u00f3w \u015al\u0105skich we Wroc\u0142awiu<\/strong><\/p>\n<p>Jednostka: Katedra i Zak\u0142ad Biofizyki<br \/>\nKierownik: Prof. dr hab. Jerzy Mozrzymas<br \/>\n<a href=\"https:\/\/www.umw.edu.pl\/pl\/jednostki\/katedra-i-zaklad-biofizyki-i-neurobiologii\">https:\/\/www.umw.edu.pl\/pl\/jednostki\/katedra-i-zaklad-biofizyki-i-neurobiologii<\/a><\/p>\n<p><strong>Uniwersytet Przyrodniczy we Wroc\u0142awiu<\/strong><\/p>\n<p>Jednostka: Katedra Fizyki i Biofizyki<br \/>\nKierownik: dr hab. Hanna Pruchnik<br \/>\n<a href=\"https:\/\/wbinoz.upwr.edu.pl\/struktura-wydzialu\/index,katedra-fizyki-i-biofizyki.html\">https:\/\/wbinoz.upwr.edu.pl\/struktura-wydzialu\/index,katedra-fizyki-i-biofizyki.html<\/a><\/p>\n<p><strong>Uniwersytet Wroc\u0142awski<\/strong><\/p>\n<p>Jednostka: Zak\u0142ad Biofizyki<br \/>\nKierownik: Prof. dr hab. Rafa\u0142 Bartoszewski<br \/>\n<a href=\"https:\/\/www.biotech.uni.wroc.pl\/zaklad-biofizyki\/\">https:\/\/www.biotech.uni.wroc.pl\/zaklad-biofizyki\/<\/a><\/p>\n<p>Jednostka: Zak\u0142ad Cytobiochemii<br \/>\nKierownik: prof. dr hab. Aleksander Czogalla<br \/>\n<a href=\"https:\/\/www.biotech.uni.wroc.pl\/zaklad-cytobiochemii\/\">https:\/\/www.biotech.uni.wroc.pl\/zaklad-cytobiochemii\/<\/a><\/p>\n<p><strong>Zielona G\u00f3ra<\/strong><\/p>\n<p><strong>Uniwersytet Zielonog\u00f3rski<\/strong><\/p>\n<p>Jednostka: Zak\u0142ad Fizyki Materia\u0142owej i Medycznej<br \/>\nKierownik: Prof. dr hab. Miros\u0142aw Dudek<br \/>\n<a href=\"https:\/\/if.uz.zgora.pl\/instytut\/struktura\/zaklad-fizyki-materialowej-i-medycznej\">https:\/\/if.uz.zgora.pl\/instytut\/struktura\/zaklad-fizyki-materialowej-i-medycznej<\/a><\/p>\n<p>&#8212;&#8212;&#8212;&#8212;&#8212;&#8212;&#8212;&#8212;&#8212;&#8212;&#8212;&#8212;&#8212;&#8212;&#8212;&#8212;&#8212;&#8212;&#8212;&#8212;&#8212;&#8212;&#8212;&#8212;&#8212;&#8212;&#8212;&#8212;&#8212;&#8212;&#8212;&#8212;&#8212;&#8212;&#8212;&#8211;<\/p>\n<p>Informacje w sprawie zmian czy aktualizacji prosz\u0119 kierowa\u0107: piotr_bednarczyk@sggw.edu.pl<br \/>\nKrzysztof Do\u0142owy, Agata Kustra, Piotr Bednarczyk (24 czerwca 2025 r.)<\/p>\n","protected":false},"excerpt":{"rendered":"<a href=\"https:\/\/ptbf.pl\/?page_id=55\"><img loading=\"lazy\" decoding=\"async\" width=\"150\" height=\"150\" src=\"http:\/\/ptbf.pl\/wp-content\/plugins\/thumbnail-for-excerpts\/tfe_no_thumb.png\" class=\"alignleft wp-post-image tfe\" alt=\"\" title=\"\" \/><\/a><p>BIOFIZYKA W POLSCE (alfabetycznie) Informacje w sprawie zmian czy aktualizacji prosz\u0119 kierowa\u0107: piotr_bednarczyk@sggw.edu.pl Bia\u0142ystok Uniwersytet Medyczny w Bia\u0142ymstoku Jednostka: Zak\u0142ad Biofizyki Kierownik: dr hab. Beata Modzelewska https:\/\/www.umb.edu.pl\/wl\/zaklad-biofizyki Bydgoszcz Uniwersytet Miko\u0142aja Kopernika- Collegium Medicum Jednostka: Katedra Biofizyki Kierownik: prof. dr hab. &hellip; <a href=\"https:\/\/ptbf.pl\/?page_id=55\">Czytaj dalej <span class=\"meta-nav\">&rarr;<\/span><\/a><\/p>\n","protected":false},"author":2,"featured_media":0,"parent":0,"menu_order":5,"comment_status":"closed","ping_status":"closed","template":"","meta":{"ngg_post_thumbnail":0,"footnotes":"","_links_to":"","_links_to_target":""},"class_list":["post-55","page","type-page","status-publish","hentry"],"_links":{"self":[{"href":"https:\/\/ptbf.pl\/index.php?rest_route=\/wp\/v2\/pages\/55","targetHints":{"allow":["GET"]}}],"collection":[{"href":"https:\/\/ptbf.pl\/index.php?rest_route=\/wp\/v2\/pages"}],"about":[{"href":"https:\/\/ptbf.pl\/index.php?rest_route=\/wp\/v2\/types\/page"}],"author":[{"embeddable":true,"href":"https:\/\/ptbf.pl\/index.php?rest_route=\/wp\/v2\/users\/2"}],"replies":[{"embeddable":true,"href":"https:\/\/ptbf.pl\/index.php?rest_route=%2Fwp%2Fv2%2Fcomments&post=55"}],"version-history":[{"count":31,"href":"https:\/\/ptbf.pl\/index.php?rest_route=\/wp\/v2\/pages\/55\/revisions"}],"predecessor-version":[{"id":2791,"href":"https:\/\/ptbf.pl\/index.php?rest_route=\/wp\/v2\/pages\/55\/revisions\/2791"}],"wp:attachment":[{"href":"https:\/\/ptbf.pl\/index.php?rest_route=%2Fwp%2Fv2%2Fmedia&parent=55"}],"curies":[{"name":"wp","href":"https:\/\/api.w.org\/{rel}","templated":true}]}}