{"id":58,"date":"2011-11-22T15:03:03","date_gmt":"2011-11-22T15:03:03","guid":{"rendered":"http:\/\/ptbf.sggw.pl\/?page_id=58"},"modified":"2026-01-16T13:46:13","modified_gmt":"2026-01-16T13:46:13","slug":"kontakt","status":"publish","type":"page","link":"https:\/\/ptbf.pl\/?page_id=58","title":{"rendered":"Kontakt"},"content":{"rendered":"<p><strong>Zarz\u0105d G\u0142\u00f3wny<\/strong><br \/>\nPolskiego Towarzystwa Biofizycznego<br \/>\nKatedra i Zak\u0142ad Biofizyki i Neurobiologii<br \/>\nUniwersytet Medyczny im. Piast\u00f3w \u015al\u0105skich<br \/>\nul. Cha\u0142ubi\u0144skiego 3A, 50-368 Wroc\u0142aw<br \/>\ne-mail: kamila.sroda-pomianek@umw.edu.pl<br \/>\nTel: +48 717841412&nbsp;<\/p>\n<p>KRS: 0000024885, REGON: 430671081, NIP: 954 232 36 90<\/p>\n<p>Numer konta PTBF<br \/>\nSantander Bank Polska<br \/>\nNr: 61 1090 2688 0000 0001 1897 3120<\/p>\n<p>&nbsp;<\/p>\n","protected":false},"excerpt":{"rendered":"<a href=\"https:\/\/ptbf.pl\/?page_id=58\"><img loading=\"lazy\" decoding=\"async\" width=\"150\" height=\"150\" src=\"http:\/\/ptbf.pl\/wp-content\/plugins\/thumbnail-for-excerpts\/tfe_no_thumb.png\" class=\"alignleft wp-post-image tfe\" alt=\"\" title=\"\" \/><\/a><p>Zarz\u0105d G\u0142\u00f3wny Polskiego Towarzystwa Biofizycznego Katedra i Zak\u0142ad Biofizyki i Neurobiologii Uniwersytet Medyczny im. Piast\u00f3w \u015al\u0105skich ul. Cha\u0142ubi\u0144skiego 3A, 50-368 Wroc\u0142aw e-mail: kamila.sroda-pomianek@umw.edu.pl Tel: +48 717841412&nbsp; KRS: 0000024885, REGON: 430671081, NIP: 954 232 36 90 Numer konta PTBF Santander Bank &hellip; <a href=\"https:\/\/ptbf.pl\/?page_id=58\">Czytaj dalej <span class=\"meta-nav\">&rarr;<\/span><\/a><\/p>\n","protected":false},"author":2,"featured_media":0,"parent":0,"menu_order":6,"comment_status":"closed","ping_status":"closed","template":"","meta":{"ngg_post_thumbnail":0,"footnotes":"","_links_to":"","_links_to_target":""},"class_list":["post-58","page","type-page","status-publish","hentry"],"_links":{"self":[{"href":"https:\/\/ptbf.pl\/index.php?rest_route=\/wp\/v2\/pages\/58","targetHints":{"allow":["GET"]}}],"collection":[{"href":"https:\/\/ptbf.pl\/index.php?rest_route=\/wp\/v2\/pages"}],"about":[{"href":"https:\/\/ptbf.pl\/index.php?rest_route=\/wp\/v2\/types\/page"}],"author":[{"embeddable":true,"href":"https:\/\/ptbf.pl\/index.php?rest_route=\/wp\/v2\/users\/2"}],"replies":[{"embeddable":true,"href":"https:\/\/ptbf.pl\/index.php?rest_route=%2Fwp%2Fv2%2Fcomments&post=58"}],"version-history":[{"count":4,"href":"https:\/\/ptbf.pl\/index.php?rest_route=\/wp\/v2\/pages\/58\/revisions"}],"predecessor-version":[{"id":2454,"href":"https:\/\/ptbf.pl\/index.php?rest_route=\/wp\/v2\/pages\/58\/revisions\/2454"}],"wp:attachment":[{"href":"https:\/\/ptbf.pl\/index.php?rest_route=%2Fwp%2Fv2%2Fmedia&parent=58"}],"curies":[{"name":"wp","href":"https:\/\/api.w.org\/{rel}","templated":true}]}}