{"id":608,"date":"2014-01-10T09:21:59","date_gmt":"2014-01-10T09:21:59","guid":{"rendered":"http:\/\/ptbf.pl\/?page_id=608"},"modified":"2025-05-12T13:56:25","modified_gmt":"2025-05-12T13:56:25","slug":"oddzial-kielce","status":"publish","type":"page","link":"https:\/\/ptbf.pl\/?page_id=608","title":{"rendered":"Oddzia\u0142 Kielce"},"content":{"rendered":"<p style=\"text-align: left;\" align=\"center\">Polskie Towarzystwo Biofizyczne Oddzia\u0142 w Kielcach<br \/>\n<a href=\"https:\/\/biologia.ujk.edu.pl\/struktura\/zaklad-biologii-medycznej\/\">Zak\u0142ad Biologii Medycznej<\/a>, Instytut Biologii<br \/>\nWydzia\u0142 Nauk \u015acis\u0142ych i Przyrodniczych<br \/>\nUniwersytet Jana Kochanowskiego w Kielcach<br \/>\nul. Uniwersytecka 7, 25-406 Kielce<\/p>\n<p>PRZEWODNICZ\u0104CA<br \/>\ndr Katarzyna Ga\u0142czy\u0144ska<br \/>\ne-mail: kgalczynska@ujk.edu.pl<br \/>\ntel.: 41 349 6335<\/p>\n<p>SEKRETARZ<br \/>\ndr Kinga Skrzyniarz<\/p>\n<p>SKARBNIK<br \/>\ndr S\u0142awomir W\u0105sik<\/p>\n<p><strong>SK\u0141AD KOMISJI REWIZYJNEJ<\/strong><br \/>\ndr Aneta W\u0119gierek-Ciuk<br \/>\ndr Jaros\u0142aw Rachuna<br \/>\nmgr Karolina Lach<\/p>\n<p><strong>CZ\u0141ONKOWIE PTBF ODDZIA\u0141 KIELCE<\/strong><br \/>\nprof. dr hab. Micha\u0142 Arabski<br \/>\ndr hab. Karol Ciepluch<br \/>\ndr Katarzyna Ga\u0142czy\u0144ska<br \/>\ndr S\u0142awomir W\u0105sik<br \/>\ndr Aneta W\u0119gierek-Ciuk<br \/>\ndr Dorota Kuc-Ciepluch<br \/>\ndr Jaros\u0142aw Rachuna<br \/>\nmgr Kinga Skrzyniarz<br \/>\nmgr Karolina Lach<br \/>\nKacper Kalwat<\/p>\n","protected":false},"excerpt":{"rendered":"<a href=\"https:\/\/ptbf.pl\/?page_id=608\"><img loading=\"lazy\" decoding=\"async\" width=\"150\" height=\"150\" src=\"http:\/\/ptbf.pl\/wp-content\/plugins\/thumbnail-for-excerpts\/tfe_no_thumb.png\" class=\"alignleft wp-post-image tfe\" alt=\"\" title=\"\" \/><\/a><p>Polskie Towarzystwo Biofizyczne Oddzia\u0142 w Kielcach Zak\u0142ad Biologii Medycznej, Instytut Biologii Wydzia\u0142 Nauk \u015acis\u0142ych i Przyrodniczych Uniwersytet Jana Kochanowskiego w Kielcach ul. Uniwersytecka 7, 25-406 Kielce PRZEWODNICZ\u0104CA dr Katarzyna Ga\u0142czy\u0144ska e-mail: kgalczynska@ujk.edu.pl tel.: 41 349 6335 SEKRETARZ dr Kinga Skrzyniarz &hellip; <a href=\"https:\/\/ptbf.pl\/?page_id=608\">Czytaj dalej <span class=\"meta-nav\">&rarr;<\/span><\/a><\/p>\n","protected":false},"author":2,"featured_media":0,"parent":45,"menu_order":0,"comment_status":"closed","ping_status":"closed","template":"","meta":{"ngg_post_thumbnail":0,"footnotes":"","_links_to":"","_links_to_target":""},"class_list":["post-608","page","type-page","status-publish","hentry"],"_links":{"self":[{"href":"https:\/\/ptbf.pl\/index.php?rest_route=\/wp\/v2\/pages\/608","targetHints":{"allow":["GET"]}}],"collection":[{"href":"https:\/\/ptbf.pl\/index.php?rest_route=\/wp\/v2\/pages"}],"about":[{"href":"https:\/\/ptbf.pl\/index.php?rest_route=\/wp\/v2\/types\/page"}],"author":[{"embeddable":true,"href":"https:\/\/ptbf.pl\/index.php?rest_route=\/wp\/v2\/users\/2"}],"replies":[{"embeddable":true,"href":"https:\/\/ptbf.pl\/index.php?rest_route=%2Fwp%2Fv2%2Fcomments&post=608"}],"version-history":[{"count":33,"href":"https:\/\/ptbf.pl\/index.php?rest_route=\/wp\/v2\/pages\/608\/revisions"}],"predecessor-version":[{"id":2310,"href":"https:\/\/ptbf.pl\/index.php?rest_route=\/wp\/v2\/pages\/608\/revisions\/2310"}],"up":[{"embeddable":true,"href":"https:\/\/ptbf.pl\/index.php?rest_route=\/wp\/v2\/pages\/45"}],"wp:attachment":[{"href":"https:\/\/ptbf.pl\/index.php?rest_route=%2Fwp%2Fv2%2Fmedia&parent=608"}],"curies":[{"name":"wp","href":"https:\/\/api.w.org\/{rel}","templated":true}]}}