{"id":667,"date":"2014-02-25T06:39:31","date_gmt":"2014-02-25T06:39:31","guid":{"rendered":"http:\/\/ptbf.pl\/?page_id=667"},"modified":"2023-02-17T11:34:03","modified_gmt":"2023-02-17T11:34:03","slug":"oddzial-olsztyn","status":"publish","type":"page","link":"https:\/\/ptbf.pl\/?page_id=667","title":{"rendered":"Oddzia\u0142 Olsztyn"},"content":{"rendered":"<p>Olszty\u0144ski Oddzia\u0142 PTBF istnieje od 1975 roku.<\/p>\n<p>Kontakt:<\/p>\n<p>Polskie Towarzystwo Biofizyczne Oddzia\u0142 w Olsztynie<br \/>\nUniwersytet Warmi\u0144sko-Mazurski<br \/>\n<a href=\"http:\/\/www.uwm.edu.pl\/kfib\">Katedra Fizyki i Biofizyki<br \/>\n<\/a>ul. Micha\u0142a Oczapowskiego 4, 10-719 Olsztyn<br \/>\ntel.: +4889 523 32 34<br \/>\ne-mail: maciej.maciejczyk@uwm.edu.pl<\/p>\n<p>Sk\u0142ad Zarz\u0105du Olszty\u0144skiego Oddzia\u0142u PTBF<\/p>\n<table width=\"675\">\n<tbody>\n<tr>\n<td width=\"347\"><strong>Przewodnicz\u0105cy Oddzia\u0142u<\/strong><\/p>\n<p>dr hab. Maciej Maciejczyk, prof. UWM<br \/>\nmaciej.maciejczyk@uwm.edu.pl<\/td>\n<td rowspan=\"11\" width=\"328\">Katedra Fizyki i Biofizyki; Wydzia\u0142 Nauki o \u017bywno\u015bci; UWM<\/td>\n<\/tr>\n<tr>\n<td width=\"347\"><strong>Sekretarz<\/strong><\/p>\n<p>dr Alicja Stachelska-Wierzchowska<br \/>\nalicja.stachelska@uwm.edu.pl<\/p>\n<hr \/>\n<p><strong>Skarbnik<\/strong><\/p>\n<p>dr Maciej Pyrka<br \/>\nmaciej.pyrka@uwm.edu.pl<\/td>\n<\/tr>\n<tr>\n<td width=\"347\"><strong>Cz\u0142onek honorowy<\/strong><\/p>\n<p>prof. dr hab. Regina Drabent<\/p>\n<p><strong>Cz\u0142onkowie:<\/strong><\/td>\n<\/tr>\n<tr>\n<td width=\"347\">prof. dr hab. Zbigniew Wieczorek<\/td>\n<\/tr>\n<tr>\n<td>dr hab. Hanna Grajek, prof. UWM<\/td>\n<\/tr>\n<tr>\n<td width=\"347\">dr hab. Jacek Wierzchowski, prof. UWM<\/td>\n<\/tr>\n<tr>\n<td width=\"347\">dr hab. Krzysztof Bryl, prof. UWM<\/td>\n<\/tr>\n<tr>\n<td width=\"347\">dr hab. Mariusz Szabelski, prof. UWM<\/td>\n<\/tr>\n<tr>\n<td width=\"347\">dr Monika Pietrzak<\/td>\n<\/tr>\n<tr>\n<td width=\"347\">dr Adam Kasparek<\/td>\n<\/tr>\n<tr>\n<td width=\"347\">mgr Grzegorz Wo\u0142\u0105kiewicz<\/td>\n<\/tr>\n<tr>\n<td>prof. dr hab. Wies\u0142aw Nowak<\/td>\n<td>Katedra Biofizyki; Instytut Fizyki; UMK w Toruniu<\/td>\n<\/tr>\n<tr>\n<td width=\"347\">mgr Pawe\u0142 Or\u0142owski<\/td>\n<td width=\"328\">Katedra i Zak\u0142ad Laseroterapii i Fizjoterapii; Wydzia\u0142 Nauk o Zdrowiu; Collegium Medicum w Bydgoszczy; UMK w Toruniu<\/td>\n<\/tr>\n<tr>\n<td width=\"347\">dr Adam Osowski<\/td>\n<td width=\"328\">Katedra Patofizjologii; Wydzia\u0142 Nauk Medycznych; UWM<\/td>\n<\/tr>\n<\/tbody>\n<\/table>\n","protected":false},"excerpt":{"rendered":"<a href=\"https:\/\/ptbf.pl\/?page_id=667\"><img loading=\"lazy\" decoding=\"async\" width=\"150\" height=\"150\" src=\"http:\/\/ptbf.pl\/wp-content\/plugins\/thumbnail-for-excerpts\/tfe_no_thumb.png\" class=\"alignleft wp-post-image tfe\" alt=\"\" title=\"\" \/><\/a><p>Olszty\u0144ski Oddzia\u0142 PTBF istnieje od 1975 roku. Kontakt: Polskie Towarzystwo Biofizyczne Oddzia\u0142 w Olsztynie Uniwersytet Warmi\u0144sko-Mazurski Katedra Fizyki i Biofizyki ul. Micha\u0142a Oczapowskiego 4, 10-719 Olsztyn tel.: +4889 523 32 34 e-mail: maciej.maciejczyk@uwm.edu.pl Sk\u0142ad Zarz\u0105du Olszty\u0144skiego Oddzia\u0142u PTBF Przewodnicz\u0105cy Oddzia\u0142u &hellip; <a href=\"https:\/\/ptbf.pl\/?page_id=667\">Czytaj dalej <span class=\"meta-nav\">&rarr;<\/span><\/a><\/p>\n","protected":false},"author":6,"featured_media":0,"parent":45,"menu_order":0,"comment_status":"closed","ping_status":"closed","template":"","meta":{"ngg_post_thumbnail":0,"footnotes":"","_links_to":"","_links_to_target":""},"class_list":["post-667","page","type-page","status-publish","hentry"],"_links":{"self":[{"href":"https:\/\/ptbf.pl\/index.php?rest_route=\/wp\/v2\/pages\/667","targetHints":{"allow":["GET"]}}],"collection":[{"href":"https:\/\/ptbf.pl\/index.php?rest_route=\/wp\/v2\/pages"}],"about":[{"href":"https:\/\/ptbf.pl\/index.php?rest_route=\/wp\/v2\/types\/page"}],"author":[{"embeddable":true,"href":"https:\/\/ptbf.pl\/index.php?rest_route=\/wp\/v2\/users\/6"}],"replies":[{"embeddable":true,"href":"https:\/\/ptbf.pl\/index.php?rest_route=%2Fwp%2Fv2%2Fcomments&post=667"}],"version-history":[{"count":8,"href":"https:\/\/ptbf.pl\/index.php?rest_route=\/wp\/v2\/pages\/667\/revisions"}],"predecessor-version":[{"id":1778,"href":"https:\/\/ptbf.pl\/index.php?rest_route=\/wp\/v2\/pages\/667\/revisions\/1778"}],"up":[{"embeddable":true,"href":"https:\/\/ptbf.pl\/index.php?rest_route=\/wp\/v2\/pages\/45"}],"wp:attachment":[{"href":"https:\/\/ptbf.pl\/index.php?rest_route=%2Fwp%2Fv2%2Fmedia&parent=667"}],"curies":[{"name":"wp","href":"https:\/\/api.w.org\/{rel}","templated":true}]}}