{"id":772,"date":"2014-06-18T13:12:55","date_gmt":"2014-06-18T13:12:55","guid":{"rendered":"http:\/\/ptbf.pl\/?page_id=772"},"modified":"2026-03-13T12:59:49","modified_gmt":"2026-03-13T12:59:49","slug":"oddzial-gdansk","status":"publish","type":"page","link":"https:\/\/ptbf.pl\/?page_id=772","title":{"rendered":"Oddzia\u0142 Gda\u0144sk"},"content":{"rendered":"<p><strong>Kontakt<\/strong><br \/>\nPolskie Towarzystwo Biofizyczne Oddzia\u0142 w Gda\u0144sku<br \/>\nUniwersytet Gda\u0144ski<br \/>\n<a href=\" http:\/\/mfi.ug.edu.pl\">Wydzia\u0142 Matematyki, Fizyki i Informatyki<\/a><br \/>\nInstytut Fizyki Do\u015bwiadczalnej<br \/>\nul. Wita Stwosza 57, 80-308 Gda\u0144sk<br \/>\nTel.: +48 58 523 22 49<br \/>\ne-mail: justyna.strankowska@ug.edu.pl<\/p>\n<p><strong>Przewodnicz\u0105cy Oddzia\u0142u<br \/>\n<\/strong>Prof. dr. hab. Jacek Piosik<br \/>\nMi\u0119dzyuczelniany Wydzia\u0142 Biotechnologii UG i GUMed<br \/>\ne-mail: jacek.piosik@biotech.ug.edu.pl&nbsp;<\/p>\n<p><strong>Wiceprzewodnicz\u0105ca Oddzia\u0142u<br \/>\n<\/strong>dr Justyna Strankowska<br \/>\nWydzia\u0142 Matematyki, Fizyki i Informatyki, Uniwersytet Gda\u0144ski<br \/>\ne-mail: justyna.strankowska@ug.edu.pl<\/p>\n<p><strong>Skarbnik Oddzia\u0142u<\/strong><br \/>\ndr Marta Miotke-Wasilczyk<br \/>\nWydzia\u0142 Matematyki, Fizyki i Informatyki, Uniwersytet Gda\u0144ski<br \/>\ne-mail: marta.miotke@phdstud.ug.edu.pl<\/p>\n<p><strong>Sekretarz Oddzia\u0142u<\/strong><br \/>\nmgr Patrycja Be\u0142dzi\u0144ska<br \/>\nMi\u0119dzyuczelniany Wydzia\u0142 Biotechnologii UG i GUMed<br \/>\ne-mail: patrycja.beldzinska@biotech.ug.edu.pl&nbsp;<\/p>\n","protected":false},"excerpt":{"rendered":"<a href=\"https:\/\/ptbf.pl\/?page_id=772\"><img loading=\"lazy\" decoding=\"async\" width=\"150\" height=\"150\" src=\"http:\/\/ptbf.pl\/wp-content\/plugins\/thumbnail-for-excerpts\/tfe_no_thumb.png\" class=\"alignleft wp-post-image tfe\" alt=\"\" title=\"\" \/><\/a><p>Kontakt Polskie Towarzystwo Biofizyczne Oddzia\u0142 w Gda\u0144sku Uniwersytet Gda\u0144ski Wydzia\u0142 Matematyki, Fizyki i Informatyki Instytut Fizyki Do\u015bwiadczalnej ul. Wita Stwosza 57, 80-308 Gda\u0144sk Tel.: +48 58 523 22 49 e-mail: justyna.strankowska@ug.edu.pl Przewodnicz\u0105cy Oddzia\u0142u Prof. dr. hab. Jacek Piosik Mi\u0119dzyuczelniany Wydzia\u0142 &hellip; <a href=\"https:\/\/ptbf.pl\/?page_id=772\">Czytaj dalej <span class=\"meta-nav\">&rarr;<\/span><\/a><\/p>\n","protected":false},"author":2,"featured_media":0,"parent":45,"menu_order":0,"comment_status":"closed","ping_status":"closed","template":"","meta":{"ngg_post_thumbnail":0,"footnotes":"","_links_to":"","_links_to_target":""},"class_list":["post-772","page","type-page","status-publish","hentry"],"_links":{"self":[{"href":"https:\/\/ptbf.pl\/index.php?rest_route=\/wp\/v2\/pages\/772","targetHints":{"allow":["GET"]}}],"collection":[{"href":"https:\/\/ptbf.pl\/index.php?rest_route=\/wp\/v2\/pages"}],"about":[{"href":"https:\/\/ptbf.pl\/index.php?rest_route=\/wp\/v2\/types\/page"}],"author":[{"embeddable":true,"href":"https:\/\/ptbf.pl\/index.php?rest_route=\/wp\/v2\/users\/2"}],"replies":[{"embeddable":true,"href":"https:\/\/ptbf.pl\/index.php?rest_route=%2Fwp%2Fv2%2Fcomments&post=772"}],"version-history":[{"count":6,"href":"https:\/\/ptbf.pl\/index.php?rest_route=\/wp\/v2\/pages\/772\/revisions"}],"predecessor-version":[{"id":2835,"href":"https:\/\/ptbf.pl\/index.php?rest_route=\/wp\/v2\/pages\/772\/revisions\/2835"}],"up":[{"embeddable":true,"href":"https:\/\/ptbf.pl\/index.php?rest_route=\/wp\/v2\/pages\/45"}],"wp:attachment":[{"href":"https:\/\/ptbf.pl\/index.php?rest_route=%2Fwp%2Fv2%2Fmedia&parent=772"}],"curies":[{"name":"wp","href":"https:\/\/api.w.org\/{rel}","templated":true}]}}